{"id":8221,"date":"2022-02-09T12:39:40","date_gmt":"2022-02-09T12:39:40","guid":{"rendered":"https:\/\/lalonja.tech\/contacto\/"},"modified":"2022-02-09T12:39:40","modified_gmt":"2022-02-09T12:39:40","slug":"contacto","status":"publish","type":"page","link":"https:\/\/lalonja.tech\/en\/contacto\/","title":{"rendered":"Contacto"},"content":{"rendered":"<div class=\"hof-banner-contact\">\n    <div class=\"wrapper row\">\n        <div class=\"col-xs-12\">\n            <div class=\"hof-breadcrumbs\"><\/div>\n        <\/div>\n        <div class=\"col-xs-12\">\n            <h1 class=\"mb-2\"><\/h1>\n        <\/div>\n        <div class=\"col-xs-12 col-sm-6 col-md-8 mb-2\">\n            <div>\n                                    <p>\u00bfAlguna pregunta sobre la iniciativa? Env\u00edanos un email a info@lalonja.tech o contacta con nosotros a trav\u00e9s de este formulario y te responderemos lo antes posible.<\/p>\n                            <\/div>\n            <form id=\"landing-form\">\n                <input type=\"hidden\" id=\"nonce_validator\" name=\"nonce_validator\" value=\"77d13003a9\" \/><input type=\"hidden\" name=\"_wp_http_referer\" value=\"\/en\/wp-json\/wp\/v2\/pages\/8221\" \/>\n                <input type=\"email\" id=\"form-email\" name=\"email\" class=\"hof-input__text mb-1\" placeholder=\"Introduce tu email\" size=\"60\" required>\n                <textarea class=\"hof-input__text mx-1\" id=\"comments\" name=\"comments\" rows=\"6\"\n                          placeholder=\"D\u00e9janos tus comentarios\"><\/textarea>\n                <div class=\"row\">\n                    <div class=\"col-xs-12 col-sm-8 col-no-gutter\">\n                                                    <label class=\"hof-input__check small\">\n                                <input type=\"checkbox\" name=\"privacy_policy\" id=\"form-check-policy\" value=\"Aceptada\" required>\n                                <span class=\"hof-input__check__display\"><\/span>\n                                <p>Acepto la <a href=\"https:\/\/www.wayra.es\/legal\/politica-de-privacidad\" target=\"_blank\" rel=\"noopener\">pol\u00edtica de privacidad<\/a> y recibir notificaciones por email sobre novedades de la iniciativa La Lonja de la Innovaci\u00f3n.<\/p>\n                                                                <div class=\"gdpr_policy_description\"><p>Conforme a lo preceptuado en la Ley 34\/2002 as\u00ed como en el RGPD vigente desde Mayo de 2018, sobre los prestadores de servicios en la sociedad de la informaci\u00f3n, as\u00ed como en la reciente modificaci\u00f3n y adaptaci\u00f3n a la normativa europea sobre env\u00edo de comunicaciones electr\u00f3nicas, doy mi consentimiento previo, expreso e informado y por ello Acepto recibir correos electr\u00f3nicos con contenido comercial de La Lonja de la Innovaci\u00f3n titularidad de la Autoridad Portuaria de Huelva como administradora del sitio www.lalonja.tech<\/p>\r\n<p>Conozco que podr\u00e9 ejercitar mi derecho de baja de este servicio mandando una comunicaci\u00f3n al correo electr\u00f3nico creado al efecto a info@lalonja.tech expresando mi voluntad de no recibir m\u00e1s correos electr\u00f3nicos. La finalidad de esta comunicaci\u00f3n no es otra que mantener informado a los usuarios del portal de pr\u00f3ximas acciones de La Lonja de la Innovaci\u00f3n o informaciones que puedan ser de inter\u00e9s.<\/p><\/div>\n                                                            <\/label>\n                                                <!--  -->\n                    <\/div>\n                    <div class=\"col-xs-12 col-no-gutter\">\n                        <button id=\"formSubmitButton\" type=\"submit\" class=\"hof-button\">Enviar <span class=\"icon-arrow-r ml-1\"><\/span>\n                        <\/button>\n                    <\/div>\n                <\/div>\n                <hr class=\"mt-1 mb-1\">\n                <div class=\"row\">\n                    <div class=\"col-xs-12 col-no-gutter\">\n                        <div class=\"cf-turnstile\" data-sitekey=\"0x4AAAAAAB71esIsKsJqOdxG\" data-callback=\"enableSubmit\" data-error-callback=\"disableSubmit\" data-expired-callback=\"disableSubmit\"><\/div>\n                    <\/div>\n                <\/div>\n                <script src=\"https:\/\/challenges.cloudflare.com\/turnstile\/v0\/api.js\" defer><\/script>\n            <\/form>\n        <\/div>\n        <div class=\"col-xs-12 col-sm-6 col-md-4\">\n                            <p>O si lo prefieres, contacta con nosotros a trav\u00e9s de nuestras redes sociales:<\/p>\n\n                                        <ul class=\"hof-rrss\">\n                                            <li>\n                            <a href=\"https:\/\/twitter.com\/lalonjatech\" class=\"icon icon-twitter\"><\/a>\n                        <\/li>\n                                            <li>\n                            <a href=\"https:\/\/www.facebook.com\/lalonjatech\" class=\"icon icon-facebook\"><\/a>\n                        <\/li>\n                                            <li>\n                            <a href=\"https:\/\/www.linkedin.com\/company\/lalonja-tech\/about\/?viewAsMember=true\" class=\"icon icon-linkedin\"><\/a>\n                        <\/li>\n                                            <li>\n                            <a href=\"https:\/\/www.instagram.com\/lalonjatech\/\" class=\"icon icon-instagram\"><\/a>\n                        <\/li>\n                                    <\/ul>\n                    <\/div>\n    <\/div>\n    <div class=\"aph-modal\" id=\"ok\" style=\" --bg-image: url();  display: none; \" >\n    <div class=\"aph-modal__content\">\n        <button type=\"button\" class=\"aph-modal__content__close\" aria-label=\"Close\" >Cerrar <i class=\"icon icon-close\"><\/i><\/button>\n        <header>\n                            <p>Tu mensaje ha sido enviado.<\/p>\n\n                    <\/header>\n        <div class=\"aph-modal__content__main\">\n                            <p>Tu mensaje ha sido enviado correctamente.<\/p>\n\n                    <\/div>\n    <\/div>\n<\/div>\n    <div class=\"aph-modal\" id=\"error\" style=\" --bg-image: url();  display: none; \" >\n    <div class=\"aph-modal__content\">\n        <button type=\"button\" class=\"aph-modal__content__close\" aria-label=\"Close\" >Cerrar <i class=\"icon icon-close\"><\/i><\/button>\n        <header>\n                            <p>Tu mensaje ha sido enviado.<\/p>\n\n                    <\/header>\n        <div class=\"aph-modal__content__main\">\n                            <p>\u00a1Vaya! parece que ha habido un error y no se ha enviado tu mensaje. Prueba en unos minutos.<\/p>\n\n                    <\/div>\n    <\/div>\n<\/div>\n<\/div>\n<script>\n    window.enableSubmit = function(token) {\n        jQuery('#formSubmitButton').show();\n    };\n\n    window.disableSubmit = function() {\n        jQuery('#formSubmitButton').hide();\n    };\n\n    jQuery(document).ready(function() {\n        jQuery(\"#landing-form\").validate({\n            rules: {\n                email: {\n                    required: true,\n                    email: true\n                },\n                privacy_policy: {\n                    required: true\n                }\n            },\n            messages: {\n                email: {\n                    required: 'El campo email es obligatorio',\n                    email: 'Revise el formato del email'\n                },\n                privacy_policy: {\n                    required: 'Debe aceptar la pol\u00edtica de privacidad'\n                }\n            },\n            errorPlacement: function(error, element) {\n                if ('privacy_policy' == element.attr('name')){\n                    error.appendTo(element.parent(\"label\"));\n                }\n                else {\n                    error.insertAfter(element);\n                }\n            },\n            submitHandler: function(form, event) {\n                var data = jQuery(form).serializeArray();\n                data.push({name: 'action', value: 'form_validation'});\n\n                jQuery.post('https:\/\/lalonja.tech\/wp-admin\/admin-ajax.php', data, function (response) {\n                    const data = JSON.parse(response);\n                    if (data.isOk) {\n                        toggleModal('#ok');\n                        jQuery('#landing-form').trigger(\"reset\");\n                    } else {\n                        toggleModal('#error');\n                    }\n\n                    jQuery('#formSubmitButton').css('cursor', 'pointer');\n                    jQuery('#formSubmitButton').attr('disabled', false);\n                });\n            }\n        });\n    });\n<\/script>\n\n\n\n<p><\/p>\n","protected":false},"excerpt":{"rendered":"","protected":false},"author":3,"featured_media":0,"parent":0,"menu_order":0,"comment_status":"closed","ping_status":"closed","template":"","meta":{"footnotes":""},"class_list":["post-8221","page","type-page","status-publish","hentry"],"yoast_head":"<!-- This site is optimized with the Yoast SEO plugin v25.6 - https:\/\/yoast.com\/wordpress\/plugins\/seo\/ -->\n<title>Contacta con nosotros | La Lonja<\/title>\n<meta name=\"description\" content=\"\u00bfAlguna pregunta sobre la iniciativa? Env\u00edanos un email o contactanos a trav\u00e9s de este formulario y te responderemos lo antes posible.\" \/>\n<meta name=\"robots\" content=\"index, follow, max-snippet:-1, max-image-preview:large, max-video-preview:-1\" \/>\n<link rel=\"canonical\" href=\"https:\/\/lalonja.tech\/en\/contacto\/\" \/>\n<meta property=\"og:locale\" content=\"en_US\" \/>\n<meta property=\"og:type\" content=\"article\" \/>\n<meta property=\"og:title\" content=\"Contacta con nosotros | La Lonja\" \/>\n<meta property=\"og:description\" content=\"\u00bfAlguna pregunta sobre la iniciativa? Env\u00edanos un email o contactanos a trav\u00e9s de este formulario y te responderemos lo antes posible.\" \/>\n<meta property=\"og:url\" content=\"https:\/\/lalonja.tech\/contacto\/\" \/>\n<meta property=\"og:site_name\" content=\"La Lonja\" \/>\n<meta property=\"article:publisher\" content=\"https:\/\/www.facebook.com\/lalonjatech\" \/>\n<meta property=\"og:image\" content=\"https:\/\/lalonja.tech\/wp-content\/uploads\/2025\/11\/20220209-facebook-post.webp\" \/>\n\t<meta property=\"og:image:width\" content=\"1200\" \/>\n\t<meta property=\"og:image:height\" content=\"630\" \/>\n\t<meta property=\"og:image:type\" content=\"image\/webp\" \/>\n<meta name=\"twitter:card\" content=\"summary_large_image\" \/>\n<script type=\"application\/ld+json\" class=\"yoast-schema-graph\">{\"@context\":\"https:\/\/schema.org\",\"@graph\":[{\"@type\":\"Article\",\"@id\":\"https:\/\/lalonja.tech\/contacto\/#article\",\"isPartOf\":{\"@id\":\"https:\/\/lalonja.tech\/contacto\/\"},\"author\":{\"name\":\"Marina Baeza\",\"@id\":\"https:\/\/lalonja.tech\/#\/schema\/person\/8e5594bd90869e50ae2e99603f518824\"},\"headline\":\"Contacto\",\"datePublished\":\"2022-02-09T12:39:40+00:00\",\"mainEntityOfPage\":{\"@id\":\"https:\/\/lalonja.tech\/contacto\/\"},\"wordCount\":1,\"publisher\":{\"@id\":\"https:\/\/lalonja.tech\/#organization\"},\"inLanguage\":\"en-US\"},{\"@type\":\"WebPage\",\"@id\":\"https:\/\/lalonja.tech\/contacto\/\",\"url\":\"https:\/\/lalonja.tech\/contacto\/\",\"name\":\"Contacta con nosotros | La Lonja\",\"isPartOf\":{\"@id\":\"https:\/\/lalonja.tech\/#website\"},\"datePublished\":\"2022-02-09T12:39:40+00:00\",\"description\":\"\u00bfAlguna pregunta sobre la iniciativa? Env\u00edanos un email o contactanos a trav\u00e9s de este formulario y te responderemos lo antes posible.\",\"breadcrumb\":{\"@id\":\"https:\/\/lalonja.tech\/contacto\/#breadcrumb\"},\"inLanguage\":\"en-US\",\"potentialAction\":[{\"@type\":\"ReadAction\",\"target\":[\"https:\/\/lalonja.tech\/contacto\/\"]}]},{\"@type\":\"BreadcrumbList\",\"@id\":\"https:\/\/lalonja.tech\/contacto\/#breadcrumb\",\"itemListElement\":[{\"@type\":\"ListItem\",\"position\":1,\"name\":\"Portada\",\"item\":\"https:\/\/lalonja.tech\/en\/\"},{\"@type\":\"ListItem\",\"position\":2,\"name\":\"Contacto\"}]},{\"@type\":\"WebSite\",\"@id\":\"https:\/\/lalonja.tech\/#website\",\"url\":\"https:\/\/lalonja.tech\/\",\"name\":\"La Lonja\",\"description\":\"Revolucionamos la metodolog\u00eda de la innovaci\u00f3n tecnol\u00f3gica en el Puerto de Huelva\",\"publisher\":{\"@id\":\"https:\/\/lalonja.tech\/#organization\"},\"potentialAction\":[{\"@type\":\"SearchAction\",\"target\":{\"@type\":\"EntryPoint\",\"urlTemplate\":\"https:\/\/lalonja.tech\/?s={search_term_string}\"},\"query-input\":{\"@type\":\"PropertyValueSpecification\",\"valueRequired\":true,\"valueName\":\"search_term_string\"}}],\"inLanguage\":\"en-US\"},{\"@type\":\"Organization\",\"@id\":\"https:\/\/lalonja.tech\/#organization\",\"name\":\"La Lonja de la Innovaci\u00f3n\",\"alternateName\":\"La Lonja\",\"url\":\"https:\/\/lalonja.tech\/\",\"logo\":{\"@type\":\"ImageObject\",\"inLanguage\":\"en-US\",\"@id\":\"https:\/\/lalonja.tech\/#\/schema\/logo\/image\/\",\"url\":\"\/wp-content\/uploads\/2022\/04\/mnEIW6-_400x400.jpg\",\"contentUrl\":\"\/wp-content\/uploads\/2022\/04\/mnEIW6-_400x400.jpg\",\"width\":400,\"height\":400,\"caption\":\"La Lonja de la Innovaci\u00f3n\"},\"image\":{\"@id\":\"https:\/\/lalonja.tech\/#\/schema\/logo\/image\/\"},\"sameAs\":[\"https:\/\/www.facebook.com\/lalonjatech\",\"https:\/\/www.linkedin.com\/company\/lalonja-tech\/\",\"https:\/\/www.instagram.com\/lalonjatech\/\"]},{\"@type\":\"Person\",\"@id\":\"https:\/\/lalonja.tech\/#\/schema\/person\/8e5594bd90869e50ae2e99603f518824\",\"name\":\"Marina Baeza\",\"image\":{\"@type\":\"ImageObject\",\"inLanguage\":\"en-US\",\"@id\":\"https:\/\/lalonja.tech\/#\/schema\/person\/image\/\",\"url\":\"https:\/\/secure.gravatar.com\/avatar\/c2a6609756fcc54d7a173b0aee88bd32?s=96&d=mm&r=g\",\"contentUrl\":\"https:\/\/secure.gravatar.com\/avatar\/c2a6609756fcc54d7a173b0aee88bd32?s=96&d=mm&r=g\",\"caption\":\"Marina Baeza\"},\"url\":\"https:\/\/lalonja.tech\/en\/author\/sngular-marina\/\"}]}<\/script>\n<!-- \/ Yoast SEO plugin. -->","yoast_head_json":{"title":"Contacta con nosotros | La Lonja","description":"\u00bfAlguna pregunta sobre la iniciativa? Env\u00edanos un email o contactanos a trav\u00e9s de este formulario y te responderemos lo antes posible.","robots":{"index":"index","follow":"follow","max-snippet":"max-snippet:-1","max-image-preview":"max-image-preview:large","max-video-preview":"max-video-preview:-1"},"canonical":"https:\/\/lalonja.tech\/en\/contacto\/","og_locale":"en_US","og_type":"article","og_title":"Contacta con nosotros | La Lonja","og_description":"\u00bfAlguna pregunta sobre la iniciativa? Env\u00edanos un email o contactanos a trav\u00e9s de este formulario y te responderemos lo antes posible.","og_url":"https:\/\/lalonja.tech\/contacto\/","og_site_name":"La Lonja","article_publisher":"https:\/\/www.facebook.com\/lalonjatech","og_image":[{"width":1200,"height":630,"url":"https:\/\/lalonja.tech\/wp-content\/uploads\/2025\/11\/20220209-facebook-post.webp","type":"image\/webp"}],"twitter_card":"summary_large_image","schema":{"@context":"https:\/\/schema.org","@graph":[{"@type":"Article","@id":"https:\/\/lalonja.tech\/contacto\/#article","isPartOf":{"@id":"https:\/\/lalonja.tech\/contacto\/"},"author":{"name":"Marina Baeza","@id":"https:\/\/lalonja.tech\/#\/schema\/person\/8e5594bd90869e50ae2e99603f518824"},"headline":"Contacto","datePublished":"2022-02-09T12:39:40+00:00","mainEntityOfPage":{"@id":"https:\/\/lalonja.tech\/contacto\/"},"wordCount":1,"publisher":{"@id":"https:\/\/lalonja.tech\/#organization"},"inLanguage":"en-US"},{"@type":"WebPage","@id":"https:\/\/lalonja.tech\/contacto\/","url":"https:\/\/lalonja.tech\/contacto\/","name":"Contacta con nosotros | La Lonja","isPartOf":{"@id":"https:\/\/lalonja.tech\/#website"},"datePublished":"2022-02-09T12:39:40+00:00","description":"\u00bfAlguna pregunta sobre la iniciativa? Env\u00edanos un email o contactanos a trav\u00e9s de este formulario y te responderemos lo antes posible.","breadcrumb":{"@id":"https:\/\/lalonja.tech\/contacto\/#breadcrumb"},"inLanguage":"en-US","potentialAction":[{"@type":"ReadAction","target":["https:\/\/lalonja.tech\/contacto\/"]}]},{"@type":"BreadcrumbList","@id":"https:\/\/lalonja.tech\/contacto\/#breadcrumb","itemListElement":[{"@type":"ListItem","position":1,"name":"Portada","item":"https:\/\/lalonja.tech\/en\/"},{"@type":"ListItem","position":2,"name":"Contacto"}]},{"@type":"WebSite","@id":"https:\/\/lalonja.tech\/#website","url":"https:\/\/lalonja.tech\/","name":"La Lonja","description":"Revolucionamos la metodolog\u00eda de la innovaci\u00f3n tecnol\u00f3gica en el Puerto de Huelva","publisher":{"@id":"https:\/\/lalonja.tech\/#organization"},"potentialAction":[{"@type":"SearchAction","target":{"@type":"EntryPoint","urlTemplate":"https:\/\/lalonja.tech\/?s={search_term_string}"},"query-input":{"@type":"PropertyValueSpecification","valueRequired":true,"valueName":"search_term_string"}}],"inLanguage":"en-US"},{"@type":"Organization","@id":"https:\/\/lalonja.tech\/#organization","name":"La Lonja de la Innovaci\u00f3n","alternateName":"La Lonja","url":"https:\/\/lalonja.tech\/","logo":{"@type":"ImageObject","inLanguage":"en-US","@id":"https:\/\/lalonja.tech\/#\/schema\/logo\/image\/","url":"\/wp-content\/uploads\/2022\/04\/mnEIW6-_400x400.jpg","contentUrl":"\/wp-content\/uploads\/2022\/04\/mnEIW6-_400x400.jpg","width":400,"height":400,"caption":"La Lonja de la Innovaci\u00f3n"},"image":{"@id":"https:\/\/lalonja.tech\/#\/schema\/logo\/image\/"},"sameAs":["https:\/\/www.facebook.com\/lalonjatech","https:\/\/www.linkedin.com\/company\/lalonja-tech\/","https:\/\/www.instagram.com\/lalonjatech\/"]},{"@type":"Person","@id":"https:\/\/lalonja.tech\/#\/schema\/person\/8e5594bd90869e50ae2e99603f518824","name":"Marina Baeza","image":{"@type":"ImageObject","inLanguage":"en-US","@id":"https:\/\/lalonja.tech\/#\/schema\/person\/image\/","url":"https:\/\/secure.gravatar.com\/avatar\/c2a6609756fcc54d7a173b0aee88bd32?s=96&d=mm&r=g","contentUrl":"https:\/\/secure.gravatar.com\/avatar\/c2a6609756fcc54d7a173b0aee88bd32?s=96&d=mm&r=g","caption":"Marina Baeza"},"url":"https:\/\/lalonja.tech\/en\/author\/sngular-marina\/"}]}},"_links":{"self":[{"href":"https:\/\/lalonja.tech\/en\/wp-json\/wp\/v2\/pages\/8221"}],"collection":[{"href":"https:\/\/lalonja.tech\/en\/wp-json\/wp\/v2\/pages"}],"about":[{"href":"https:\/\/lalonja.tech\/en\/wp-json\/wp\/v2\/types\/page"}],"author":[{"embeddable":true,"href":"https:\/\/lalonja.tech\/en\/wp-json\/wp\/v2\/users\/3"}],"replies":[{"embeddable":true,"href":"https:\/\/lalonja.tech\/en\/wp-json\/wp\/v2\/comments?post=8221"}],"version-history":[{"count":0,"href":"https:\/\/lalonja.tech\/en\/wp-json\/wp\/v2\/pages\/8221\/revisions"}],"wp:attachment":[{"href":"https:\/\/lalonja.tech\/en\/wp-json\/wp\/v2\/media?parent=8221"}],"curies":[{"name":"wp","href":"https:\/\/api.w.org\/{rel}","templated":true}]}}