{"id":8218,"date":"2025-11-17T10:56:10","date_gmt":"2025-11-17T09:56:10","guid":{"rendered":"https:\/\/lalonja.tech\/?page_id=8218"},"modified":"2025-11-26T17:24:50","modified_gmt":"2025-11-26T16:24:50","slug":"contact","status":"publish","type":"page","link":"https:\/\/lalonja.tech\/en\/contact\/","title":{"rendered":"Contact"},"content":{"rendered":"","protected":false},"excerpt":{"rendered":"","protected":false},"author":10,"featured_media":0,"parent":0,"menu_order":0,"comment_status":"closed","ping_status":"closed","template":"page-contacto.php","meta":{"footnotes":""},"class_list":["post-8218","page","type-page","status-publish","hentry"],"yoast_head":"<!-- This site is optimized with the Yoast SEO plugin v25.6 - https:\/\/yoast.com\/wordpress\/plugins\/seo\/ -->\n<title>Contact | La Lonja<\/title>\n<meta name=\"description\" content=\"Contact La Lonja de la Innovaci\u00f3n, a startup accelerator that promotes the digital transformation of the port sector.\" \/>\n<meta name=\"robots\" content=\"index, follow, max-snippet:-1, max-image-preview:large, max-video-preview:-1\" \/>\n<link rel=\"canonical\" href=\"https:\/\/lalonja.tech\/en\/contact\/\" \/>\n<meta property=\"og:locale\" content=\"en_US\" \/>\n<meta property=\"og:type\" content=\"article\" \/>\n<meta property=\"og:title\" content=\"Contact | La Lonja\" \/>\n<meta property=\"og:description\" content=\"Contact La Lonja de la Innovaci\u00f3n, a startup accelerator that promotes the digital transformation of the port sector.\" \/>\n<meta property=\"og:url\" content=\"https:\/\/lalonja.tech\/en\/contact\/\" \/>\n<meta property=\"og:site_name\" content=\"La Lonja\" \/>\n<meta property=\"article:publisher\" content=\"https:\/\/www.facebook.com\/lalonjatech\" \/>\n<meta property=\"article:modified_time\" content=\"2025-11-26T16:24:50+00:00\" \/>\n<meta property=\"og:image\" content=\"https:\/\/lalonja.tech\/wp-content\/uploads\/2025\/11\/20220209-facebook-post.webp\" \/>\n\t<meta property=\"og:image:width\" content=\"1200\" \/>\n\t<meta property=\"og:image:height\" content=\"630\" \/>\n\t<meta property=\"og:image:type\" content=\"image\/webp\" \/>\n<meta name=\"twitter:card\" content=\"summary_large_image\" \/>\n<script type=\"application\/ld+json\" class=\"yoast-schema-graph\">{\"@context\":\"https:\/\/schema.org\",\"@graph\":[{\"@type\":\"Article\",\"@id\":\"https:\/\/lalonja.tech\/en\/contact\/#article\",\"isPartOf\":{\"@id\":\"https:\/\/lalonja.tech\/en\/contact\/\"},\"author\":{\"name\":\"Rafael Rodriguez\",\"@id\":\"https:\/\/lalonja.tech\/#\/schema\/person\/ccce0d95064fa8da83a0eb279c0c7c2f\"},\"headline\":\"Contact\",\"datePublished\":\"2025-11-17T09:56:10+00:00\",\"dateModified\":\"2025-11-26T16:24:50+00:00\",\"mainEntityOfPage\":{\"@id\":\"https:\/\/lalonja.tech\/en\/contact\/\"},\"wordCount\":1,\"publisher\":{\"@id\":\"https:\/\/lalonja.tech\/#organization\"},\"inLanguage\":\"en-US\"},{\"@type\":\"WebPage\",\"@id\":\"https:\/\/lalonja.tech\/en\/contact\/\",\"url\":\"https:\/\/lalonja.tech\/en\/contact\/\",\"name\":\"Contact | La Lonja\",\"isPartOf\":{\"@id\":\"https:\/\/lalonja.tech\/#website\"},\"datePublished\":\"2025-11-17T09:56:10+00:00\",\"dateModified\":\"2025-11-26T16:24:50+00:00\",\"description\":\"Contact La Lonja de la Innovaci\u00f3n, a startup accelerator that promotes the digital transformation of the port sector.\",\"breadcrumb\":{\"@id\":\"https:\/\/lalonja.tech\/en\/contact\/#breadcrumb\"},\"inLanguage\":\"en-US\",\"potentialAction\":[{\"@type\":\"ReadAction\",\"target\":[\"https:\/\/lalonja.tech\/en\/contact\/\"]}]},{\"@type\":\"BreadcrumbList\",\"@id\":\"https:\/\/lalonja.tech\/en\/contact\/#breadcrumb\",\"itemListElement\":[{\"@type\":\"ListItem\",\"position\":1,\"name\":\"Portada\",\"item\":\"https:\/\/lalonja.tech\/en\/\"},{\"@type\":\"ListItem\",\"position\":2,\"name\":\"Contact\"}]},{\"@type\":\"WebSite\",\"@id\":\"https:\/\/lalonja.tech\/#website\",\"url\":\"https:\/\/lalonja.tech\/\",\"name\":\"La Lonja\",\"description\":\"Revolucionamos la metodolog\u00eda de la innovaci\u00f3n tecnol\u00f3gica en el Puerto de Huelva\",\"publisher\":{\"@id\":\"https:\/\/lalonja.tech\/#organization\"},\"potentialAction\":[{\"@type\":\"SearchAction\",\"target\":{\"@type\":\"EntryPoint\",\"urlTemplate\":\"https:\/\/lalonja.tech\/?s={search_term_string}\"},\"query-input\":{\"@type\":\"PropertyValueSpecification\",\"valueRequired\":true,\"valueName\":\"search_term_string\"}}],\"inLanguage\":\"en-US\"},{\"@type\":\"Organization\",\"@id\":\"https:\/\/lalonja.tech\/#organization\",\"name\":\"La Lonja de la Innovaci\u00f3n\",\"alternateName\":\"La Lonja\",\"url\":\"https:\/\/lalonja.tech\/\",\"logo\":{\"@type\":\"ImageObject\",\"inLanguage\":\"en-US\",\"@id\":\"https:\/\/lalonja.tech\/#\/schema\/logo\/image\/\",\"url\":\"\/wp-content\/uploads\/2022\/04\/mnEIW6-_400x400.jpg\",\"contentUrl\":\"\/wp-content\/uploads\/2022\/04\/mnEIW6-_400x400.jpg\",\"width\":400,\"height\":400,\"caption\":\"La Lonja de la Innovaci\u00f3n\"},\"image\":{\"@id\":\"https:\/\/lalonja.tech\/#\/schema\/logo\/image\/\"},\"sameAs\":[\"https:\/\/www.facebook.com\/lalonjatech\",\"https:\/\/www.linkedin.com\/company\/lalonja-tech\/\",\"https:\/\/www.instagram.com\/lalonjatech\/\"]},{\"@type\":\"Person\",\"@id\":\"https:\/\/lalonja.tech\/#\/schema\/person\/ccce0d95064fa8da83a0eb279c0c7c2f\",\"name\":\"Rafael Rodriguez\",\"image\":{\"@type\":\"ImageObject\",\"inLanguage\":\"en-US\",\"@id\":\"https:\/\/lalonja.tech\/#\/schema\/person\/image\/\",\"url\":\"https:\/\/secure.gravatar.com\/avatar\/dc26235f85185184a10d0c440b6f862e?s=96&d=mm&r=g\",\"contentUrl\":\"https:\/\/secure.gravatar.com\/avatar\/dc26235f85185184a10d0c440b6f862e?s=96&d=mm&r=g\",\"caption\":\"Rafael Rodriguez\"},\"url\":\"https:\/\/lalonja.tech\/en\/author\/rafael-rodriguezsngular-com\/\"}]}<\/script>\n<!-- \/ Yoast SEO plugin. -->","yoast_head_json":{"title":"Contact | La Lonja","description":"Contact La Lonja de la Innovaci\u00f3n, a startup accelerator that promotes the digital transformation of the port sector.","robots":{"index":"index","follow":"follow","max-snippet":"max-snippet:-1","max-image-preview":"max-image-preview:large","max-video-preview":"max-video-preview:-1"},"canonical":"https:\/\/lalonja.tech\/en\/contact\/","og_locale":"en_US","og_type":"article","og_title":"Contact | La Lonja","og_description":"Contact La Lonja de la Innovaci\u00f3n, a startup accelerator that promotes the digital transformation of the port sector.","og_url":"https:\/\/lalonja.tech\/en\/contact\/","og_site_name":"La Lonja","article_publisher":"https:\/\/www.facebook.com\/lalonjatech","article_modified_time":"2025-11-26T16:24:50+00:00","og_image":[{"width":1200,"height":630,"url":"https:\/\/lalonja.tech\/wp-content\/uploads\/2025\/11\/20220209-facebook-post.webp","type":"image\/webp"}],"twitter_card":"summary_large_image","schema":{"@context":"https:\/\/schema.org","@graph":[{"@type":"Article","@id":"https:\/\/lalonja.tech\/en\/contact\/#article","isPartOf":{"@id":"https:\/\/lalonja.tech\/en\/contact\/"},"author":{"name":"Rafael Rodriguez","@id":"https:\/\/lalonja.tech\/#\/schema\/person\/ccce0d95064fa8da83a0eb279c0c7c2f"},"headline":"Contact","datePublished":"2025-11-17T09:56:10+00:00","dateModified":"2025-11-26T16:24:50+00:00","mainEntityOfPage":{"@id":"https:\/\/lalonja.tech\/en\/contact\/"},"wordCount":1,"publisher":{"@id":"https:\/\/lalonja.tech\/#organization"},"inLanguage":"en-US"},{"@type":"WebPage","@id":"https:\/\/lalonja.tech\/en\/contact\/","url":"https:\/\/lalonja.tech\/en\/contact\/","name":"Contact | La Lonja","isPartOf":{"@id":"https:\/\/lalonja.tech\/#website"},"datePublished":"2025-11-17T09:56:10+00:00","dateModified":"2025-11-26T16:24:50+00:00","description":"Contact La Lonja de la Innovaci\u00f3n, a startup accelerator that promotes the digital transformation of the port sector.","breadcrumb":{"@id":"https:\/\/lalonja.tech\/en\/contact\/#breadcrumb"},"inLanguage":"en-US","potentialAction":[{"@type":"ReadAction","target":["https:\/\/lalonja.tech\/en\/contact\/"]}]},{"@type":"BreadcrumbList","@id":"https:\/\/lalonja.tech\/en\/contact\/#breadcrumb","itemListElement":[{"@type":"ListItem","position":1,"name":"Portada","item":"https:\/\/lalonja.tech\/en\/"},{"@type":"ListItem","position":2,"name":"Contact"}]},{"@type":"WebSite","@id":"https:\/\/lalonja.tech\/#website","url":"https:\/\/lalonja.tech\/","name":"La Lonja","description":"Revolucionamos la metodolog\u00eda de la innovaci\u00f3n tecnol\u00f3gica en el Puerto de Huelva","publisher":{"@id":"https:\/\/lalonja.tech\/#organization"},"potentialAction":[{"@type":"SearchAction","target":{"@type":"EntryPoint","urlTemplate":"https:\/\/lalonja.tech\/?s={search_term_string}"},"query-input":{"@type":"PropertyValueSpecification","valueRequired":true,"valueName":"search_term_string"}}],"inLanguage":"en-US"},{"@type":"Organization","@id":"https:\/\/lalonja.tech\/#organization","name":"La Lonja de la Innovaci\u00f3n","alternateName":"La Lonja","url":"https:\/\/lalonja.tech\/","logo":{"@type":"ImageObject","inLanguage":"en-US","@id":"https:\/\/lalonja.tech\/#\/schema\/logo\/image\/","url":"\/wp-content\/uploads\/2022\/04\/mnEIW6-_400x400.jpg","contentUrl":"\/wp-content\/uploads\/2022\/04\/mnEIW6-_400x400.jpg","width":400,"height":400,"caption":"La Lonja de la Innovaci\u00f3n"},"image":{"@id":"https:\/\/lalonja.tech\/#\/schema\/logo\/image\/"},"sameAs":["https:\/\/www.facebook.com\/lalonjatech","https:\/\/www.linkedin.com\/company\/lalonja-tech\/","https:\/\/www.instagram.com\/lalonjatech\/"]},{"@type":"Person","@id":"https:\/\/lalonja.tech\/#\/schema\/person\/ccce0d95064fa8da83a0eb279c0c7c2f","name":"Rafael Rodriguez","image":{"@type":"ImageObject","inLanguage":"en-US","@id":"https:\/\/lalonja.tech\/#\/schema\/person\/image\/","url":"https:\/\/secure.gravatar.com\/avatar\/dc26235f85185184a10d0c440b6f862e?s=96&d=mm&r=g","contentUrl":"https:\/\/secure.gravatar.com\/avatar\/dc26235f85185184a10d0c440b6f862e?s=96&d=mm&r=g","caption":"Rafael Rodriguez"},"url":"https:\/\/lalonja.tech\/en\/author\/rafael-rodriguezsngular-com\/"}]}},"_links":{"self":[{"href":"https:\/\/lalonja.tech\/en\/wp-json\/wp\/v2\/pages\/8218"}],"collection":[{"href":"https:\/\/lalonja.tech\/en\/wp-json\/wp\/v2\/pages"}],"about":[{"href":"https:\/\/lalonja.tech\/en\/wp-json\/wp\/v2\/types\/page"}],"author":[{"embeddable":true,"href":"https:\/\/lalonja.tech\/en\/wp-json\/wp\/v2\/users\/10"}],"replies":[{"embeddable":true,"href":"https:\/\/lalonja.tech\/en\/wp-json\/wp\/v2\/comments?post=8218"}],"version-history":[{"count":1,"href":"https:\/\/lalonja.tech\/en\/wp-json\/wp\/v2\/pages\/8218\/revisions"}],"predecessor-version":[{"id":8219,"href":"https:\/\/lalonja.tech\/en\/wp-json\/wp\/v2\/pages\/8218\/revisions\/8219"}],"wp:attachment":[{"href":"https:\/\/lalonja.tech\/en\/wp-json\/wp\/v2\/media?parent=8218"}],"curies":[{"name":"wp","href":"https:\/\/api.w.org\/{rel}","templated":true}]}}