{"id":8217,"date":"2022-08-25T09:15:19","date_gmt":"2022-08-25T09:15:19","guid":{"rendered":"https:\/\/lalonja.tech\/servicios\/"},"modified":"2026-01-15T13:51:42","modified_gmt":"2026-01-15T12:51:42","slug":"servicios","status":"publish","type":"page","link":"https:\/\/lalonja.tech\/en\/servicios\/","title":{"rendered":"Servicios"},"content":{"rendered":"<section class=\"hof-info\">\n    <div class=\"wrapper\">\n        <div class=\"row\">\n            <div class=\"col-xs-12 pb-6 t-center t-primary\">\n                                    <h3><strong>Servicios<\/strong><\/h3>\n<div class=\"row\">\n<div class=\"col-xs-12 pb-6 t-center t-primary\">\n<p>La Lonja de la Innovaci\u00f3n pone a disposici\u00f3n de empresas y emprendedores un amplio abanico de servicios para apoyar la innovaci\u00f3n de los proyectos.<\/p>\n<\/div>\n<\/div>\n\n                    <span class=\"icon-arrow-d icon-2x\"><\/span>\n                  \n            <\/div>\n        <\/div>\n        <div class=\"hof-info__items\">\n                            <div class=\"col-xs-12 col-sm-4\">\n                    <div class=\"item\">\n                                                    <img decoding=\"async\" src=\"\/wp-content\/uploads\/2022\/08\/423252615-iconos-web-la-lonja-_el-puerto.png\" alt=\"Servicios puerto abierto\" title=\"423252615-iconos-web-la-lonja-_el-puerto\"\/>\n                                                                                    <h3><strong>El Puerto est\u00e1 abierto<\/strong><\/h3>\n<p>Acceso a reuniones de log\u00edstica con la Autoridad Portuaria de Huelva. Invitaciones a charlas de casos de \u00e9xito del sector emprendedor. Visitas al centro y showroom. M\u00e1s de 2000m2 de salas de reuniones, videowall y medios digitales.<\/p>\n\n                                                <\/div>\n                <\/div>\n                            <div class=\"col-xs-12 col-sm-4\">\n                    <div class=\"item\">\n                                                    <img decoding=\"async\" src=\"\/wp-content\/uploads\/2022\/08\/423252618-iconos-web-la-lonja-_fiware.png\" alt=\"Servicios Fiware\" title=\"423252618-iconos-web-la-lonja-_fiware\"\/>\n                                                                                    <h3><strong>FIWARE<\/strong><\/h3>\n<p><span data-sheets-value=\"{&quot;1&quot;:2,&quot;2&quot;:&quot;Soporte t\u00e9cnico y formaci\u00f3n especializada FIWARE, acceso a espacio virtual para el desarrollo de pruebas y experimentos de esta tecnolog\u00eda, apoyo en la certificaci\u00f3n de productos y soluciones por la FIWARE Foundation.&quot;}\" data-sheets-userformat=\"{&quot;2&quot;:14593,&quot;3&quot;:{&quot;1&quot;:0,&quot;3&quot;:1},&quot;11&quot;:4,&quot;14&quot;:{&quot;1&quot;:3,&quot;3&quot;:1},&quot;15&quot;:&quot;Calibri&quot;,&quot;16&quot;:12}\">Soporte t\u00e9cnico y formaci\u00f3n especializada FIWARE, acceso a plataforma para el desarrollo de pruebas y experimentos de esta tecnolog\u00eda. <\/span><span data-sheets-value=\"{&quot;1&quot;:2,&quot;2&quot;:&quot;Soporte t\u00e9cnico y formaci\u00f3n especializada FIWARE, acceso a espacio virtual para el desarrollo de pruebas y experimentos de esta tecnolog\u00eda, apoyo en la certificaci\u00f3n de productos y soluciones por la FIWARE Foundation.&quot;}\" data-sheets-userformat=\"{&quot;2&quot;:14593,&quot;3&quot;:{&quot;1&quot;:0,&quot;3&quot;:1},&quot;11&quot;:4,&quot;14&quot;:{&quot;1&quot;:3,&quot;3&quot;:1},&quot;15&quot;:&quot;Calibri&quot;,&quot;16&quot;:12}\">Apoyo en la certificaci\u00f3n de productos y soluciones por la FIWARE Foundation.<\/span><\/p>\n\n                                                <\/div>\n                <\/div>\n                            <div class=\"col-xs-12 col-sm-4\">\n                    <div class=\"item\">\n                                                    <img decoding=\"async\" src=\"\/wp-content\/uploads\/2022\/08\/423252604-iconos-web-la-lonja-_asesoramiento.png\" alt=\"Servicios mentoring\" title=\"423252604-iconos-web-la-lonja-_asesoramiento\"\/>\n                                                                                    <h3><strong>Mentoring<\/strong><\/h3>\n<p><span data-sheets-value=\"{&quot;1&quot;:2,&quot;2&quot;:&quot;Mentor\u00edas personalizadas por profesionales referentes en el sector especializados en diferentes \u00e1reas de negocio, seguimiento peri\u00f3dico del proyecto.&quot;}\" data-sheets-userformat=\"{&quot;2&quot;:14593,&quot;3&quot;:{&quot;1&quot;:0,&quot;3&quot;:1},&quot;11&quot;:4,&quot;14&quot;:{&quot;1&quot;:2,&quot;2&quot;:0},&quot;15&quot;:&quot;Calibri&quot;,&quot;16&quot;:12}\">Mentor\u00edas personalizadas por profesionales referentes en el sector especializados en diferentes \u00e1reas de negocio, seguimiento peri\u00f3dico del proyecto.<\/span><\/p>\n\n                                                <\/div>\n                <\/div>\n                    <\/div>\n    <\/div>\n<\/section>\n\n\n<section class=\"hof-info\">\n    <div class=\"wrapper\">\n        <div class=\"row\">\n            <div class=\"col-xs-12 pb-6 t-center t-primary\">\n                  \n            <\/div>\n        <\/div>\n        <div class=\"hof-info__items\">\n                            <div class=\"col-xs-12 col-sm-4\">\n                    <div class=\"item\">\n                                                    <img decoding=\"async\" src=\"\/wp-content\/uploads\/2022\/08\/423252629-iconos-web-la-lonja-_visibilidad.png\" alt=\"Servicios visibilidad\" title=\"423252629-iconos-web-la-lonja-_visibilidad\"\/>\n                                                                                    <h3><strong>Visibilidad<\/strong><\/h3>\n<p><span data-sheets-value=\"{&quot;1&quot;:2,&quot;2&quot;:&quot;Acceso a contactos de la mano de la Autoridad Portuaria de Huelva y Telef\u00f3nica, empresas asociadas a la iniciativa. Asistencia a ferias como participante, panelista, stand etc. Apoyo y promoci\u00f3n medi\u00e1tica en medios. &quot;}\" data-sheets-userformat=\"{&quot;2&quot;:15105,&quot;3&quot;:{&quot;1&quot;:0},&quot;11&quot;:4,&quot;12&quot;:0,&quot;14&quot;:{&quot;1&quot;:3,&quot;3&quot;:1},&quot;15&quot;:&quot;Calibri&quot;,&quot;16&quot;:12}\">Acceso a contactos de la mano de la Autoridad Portuaria de Huelva, Telef\u00f3nica y empresas asociadas a la iniciativa.<\/span><span data-sheets-value=\"{&quot;1&quot;:2,&quot;2&quot;:&quot;Acceso a contactos de la mano de la Autoridad Portuaria de Huelva y Telef\u00f3nica, empresas asociadas a la iniciativa. Asistencia a ferias como participante, panelista, stand etc. Apoyo y promoci\u00f3n medi\u00e1tica en medios. &quot;}\" data-sheets-userformat=\"{&quot;2&quot;:15105,&quot;3&quot;:{&quot;1&quot;:0},&quot;11&quot;:4,&quot;12&quot;:0,&quot;14&quot;:{&quot;1&quot;:3,&quot;3&quot;:1},&quot;15&quot;:&quot;Calibri&quot;,&quot;16&quot;:12}\"> Asistencia a ferias como participante, panelista, stand etc. Apoyo y promoci\u00f3n medi\u00e1tica en medios. <\/span><\/p>\n\n                                                <\/div>\n                <\/div>\n                            <div class=\"col-xs-12 col-sm-4\">\n                    <div class=\"item\">\n                                                    <img decoding=\"async\" src=\"\/wp-content\/uploads\/2022\/08\/ICONOS-WEB-LA-LONJA-_INVERSIO\u0301N.png\" alt=\"servicios inversion\" title=\"ICONOS WEB LA LONJA _INVERSIO\u0301N\"\/>\n                                                                                    <h3><strong>Inversi\u00f3n y Financiaci\u00f3n<\/strong><\/h3>\n<p>Acceso a inversores, herramientas de financiaci\u00f3n p\u00fablica\u00a0y convocatorias europeas. Soporte en eventos, contactos y redes de inversores y otras entidades.\u00a0<\/p>\n\n                                                <\/div>\n                <\/div>\n                            <div class=\"col-xs-12 col-sm-4\">\n                    <div class=\"item\">\n                                                    <img decoding=\"async\" src=\"\/wp-content\/uploads\/2022\/08\/423252625-iconos-web-la-lonja-_teoria-practica.png\" alt=\"Servicios retos\" title=\"423252625-iconos-web-la-lonja-_teoria-practica\"\/>\n                                                                                    <h3><strong>Retos, laboratorios y pilotaje<\/strong><\/h3>\n<p><span data-sheets-value=\"{&quot;1&quot;:2,&quot;2&quot;:&quot;Participaci\u00f3n en convocatorias de retos de innovaci\u00f3n, workshops y hackathones para abordar desaf\u00edos tecnol\u00f3gicos. Acceso a laboratorios y pilotaje de soluciones en el propio puerto.&quot;}\" data-sheets-userformat=\"{&quot;2&quot;:15105,&quot;3&quot;:{&quot;1&quot;:0},&quot;11&quot;:4,&quot;12&quot;:0,&quot;14&quot;:{&quot;1&quot;:2,&quot;2&quot;:0},&quot;15&quot;:&quot;Calibri&quot;,&quot;16&quot;:12}\">Participaci\u00f3n en convocatorias de retos de innovaci\u00f3n, workshops y hackathones para abordar desaf\u00edos tecnol\u00f3gicos. <\/span><span data-sheets-value=\"{&quot;1&quot;:2,&quot;2&quot;:&quot;Participaci\u00f3n en convocatorias de retos de innovaci\u00f3n, workshops y hackathones para abordar desaf\u00edos tecnol\u00f3gicos. Acceso a laboratorios y pilotaje de soluciones en el propio puerto.&quot;}\" data-sheets-userformat=\"{&quot;2&quot;:15105,&quot;3&quot;:{&quot;1&quot;:0},&quot;11&quot;:4,&quot;12&quot;:0,&quot;14&quot;:{&quot;1&quot;:2,&quot;2&quot;:0},&quot;15&quot;:&quot;Calibri&quot;,&quot;16&quot;:12}\">Acceso a laboratorios y pilotaje de soluciones en el propio puerto.<\/span><\/p>\n\n                                                <\/div>\n                <\/div>\n                    <\/div>\n    <\/div>\n<\/section>\n\n\n<section class=\"hof-info\">\n    <div class=\"wrapper\">\n        <div class=\"row\">\n            <div class=\"col-xs-12 pb-6 t-center t-primary\">\n                  \n            <\/div>\n        <\/div>\n        <div class=\"hof-info__items\">\n                            <div class=\"col-xs-12 col-sm-4\">\n                    <div class=\"item\">\n                                                    <img decoding=\"async\" src=\"\/wp-content\/uploads\/2022\/08\/423252608-iconos-web-la-lonja-_bneficios.png\" alt=\"Servicios beneficios\" title=\"423252608-iconos-web-la-lonja-_bneficios\"\/>\n                                                                                    <h3><strong>Beneficios (perks)<\/strong><\/h3>\n<p><span data-sheets-value=\"{&quot;1&quot;:2,&quot;2&quot;:&quot;Acceso a una bolsa de beneficios y descuentos (Perks) aportados por Telef\u00f3nica en herramientas punteras del mercado para que las startups de los hubs de la red de Open Future se beneficien de descuentos e impulsen su negocio.&quot;}\" data-sheets-userformat=\"{&quot;2&quot;:6915,&quot;3&quot;:{&quot;1&quot;:0},&quot;4&quot;:{&quot;1&quot;:2,&quot;2&quot;:16777215},&quot;11&quot;:4,&quot;12&quot;:0,&quot;14&quot;:{&quot;1&quot;:2,&quot;2&quot;:0},&quot;15&quot;:&quot;Roboto, RobotoDraft, Helvetica, Arial, sans-serif&quot;}\">Acceso a bolsa de beneficios y descuentos (Perks) aportados por Telef\u00f3nica en herramientas punteras del mercado para que las startups de los hubs de la red de Open Future impulsen su negocio.<\/span><\/p>\n\n                                                <\/div>\n                <\/div>\n                            <div class=\"col-xs-12 col-sm-4\">\n                    <div class=\"item\">\n                                                    <img decoding=\"async\" src=\"\/wp-content\/uploads\/2022\/08\/423252621-iconos-web-la-lonja-_networking.png\" alt=\"Servicios networking\" title=\"423252621-iconos-web-la-lonja-_networking\"\/>\n                                                                                    <h3><strong>Networking<\/strong><\/h3>\n<p><span data-sheets-value=\"{&quot;1&quot;:2,&quot;2&quot;:&quot;Oportunidades de contacto cerano con empresas del sector log\u00edstico-portuario y con startups tanto del hub de La Lonja de la Innovaci\u00f3n, como del ecosistema Open Future. &quot;}\" data-sheets-userformat=\"{&quot;2&quot;:15105,&quot;3&quot;:{&quot;1&quot;:0},&quot;11&quot;:4,&quot;12&quot;:0,&quot;14&quot;:{&quot;1&quot;:3,&quot;3&quot;:1},&quot;15&quot;:&quot;Calibri&quot;,&quot;16&quot;:12}\">Oportunidades de contacto cercano con empresas del sector log\u00edstico-portuario y con startups tanto del hub de La Lonja de la Innovaci\u00f3n, como del ecosistema Open Future. <\/span><\/p>\n\n                                                <\/div>\n                <\/div>\n                            <div class=\"col-xs-12 col-sm-4\">\n                    <div class=\"item\">\n                                                    <img decoding=\"async\" src=\"\/wp-content\/uploads\/2022\/08\/423252612-iconos-web-la-lonja-_charlas.png\" alt=\"Servicio charlas\" title=\"423252612-iconos-web-la-lonja-_charlas\"\/>\n                                                                                    <h3><strong>Charlas de casos de \u00e9xito<\/strong><\/h3>\n<p><span data-sheets-value=\"{&quot;1&quot;:2,&quot;2&quot;:&quot;Exposici\u00f3n y\/o participaci\u00f3n en charlas de casos de \u00e9xitos de diversas tem\u00e1ticas tanto del sector log\u00edstico-portuario, como de emprendedores onubenses, nacionales e internacionales de renombre.&quot;}\" data-sheets-userformat=\"{&quot;2&quot;:15105,&quot;3&quot;:{&quot;1&quot;:0},&quot;11&quot;:4,&quot;12&quot;:0,&quot;14&quot;:{&quot;1&quot;:3,&quot;3&quot;:1},&quot;15&quot;:&quot;Calibri&quot;,&quot;16&quot;:12}\">Exposici\u00f3n y\/o participaci\u00f3n en charlas de casos de \u00e9xitos de diversas tem\u00e1ticas tanto del sector log\u00edstico-portuario, como de emprendedores onubenses, nacionales e internacionales de renombre.<\/span><\/p>\n\n                                                <\/div>\n                <\/div>\n                    <\/div>\n    <\/div>\n<\/section>\n\n\n\n<p><br><br><br><br><br><br><br><br><br><\/p>\n","protected":false},"excerpt":{"rendered":"","protected":false},"author":4,"featured_media":924,"parent":0,"menu_order":0,"comment_status":"closed","ping_status":"closed","template":"","meta":{"footnotes":""},"class_list":["post-8217","page","type-page","status-publish","has-post-thumbnail","hentry"],"yoast_head":"<!-- This site is optimized with the Yoast SEO plugin v25.6 - https:\/\/yoast.com\/wordpress\/plugins\/seo\/ -->\n<title>Servicios de Innovaci\u00f3n | La Lonja<\/title>\n<meta name=\"description\" content=\"La Lonja pone a disposici\u00f3n de empresas y emprendedores un amplio abanico de servicios de innovaci\u00f3n para apoyar los proyectos.\" \/>\n<meta name=\"robots\" content=\"index, follow, max-snippet:-1, max-image-preview:large, max-video-preview:-1\" \/>\n<link rel=\"canonical\" href=\"https:\/\/lalonja.tech\/en\/servicios\/\" \/>\n<meta property=\"og:locale\" content=\"en_US\" \/>\n<meta property=\"og:type\" content=\"article\" \/>\n<meta property=\"og:title\" content=\"Servicios de Innovaci\u00f3n | La Lonja\" \/>\n<meta property=\"og:description\" content=\"La Lonja pone a disposici\u00f3n de empresas y emprendedores un amplio abanico de servicios de innovaci\u00f3n para apoyar los proyectos.\" \/>\n<meta property=\"og:url\" content=\"https:\/\/lalonja.tech\/servicios\/\" \/>\n<meta property=\"og:site_name\" content=\"La Lonja\" \/>\n<meta property=\"article:publisher\" content=\"https:\/\/www.facebook.com\/lalonjatech\" \/>\n<meta property=\"article:modified_time\" content=\"2026-01-15T12:51:42+00:00\" \/>\n<meta property=\"og:image\" content=\"https:\/\/lalonja.tech\/wp-content\/uploads\/2022\/03\/ILUSTRACIONES-WEB-LONJA-CABECERA-LANDING.jpg\" \/>\n\t<meta property=\"og:image:width\" content=\"2500\" \/>\n\t<meta property=\"og:image:height\" content=\"1611\" \/>\n\t<meta property=\"og:image:type\" content=\"image\/jpeg\" \/>\n<meta name=\"twitter:card\" content=\"summary_large_image\" \/>\n<meta name=\"twitter:label1\" content=\"Est. reading time\" \/>\n\t<meta name=\"twitter:data1\" content=\"1 minute\" \/>\n<script type=\"application\/ld+json\" class=\"yoast-schema-graph\">{\"@context\":\"https:\/\/schema.org\",\"@graph\":[{\"@type\":\"Article\",\"@id\":\"https:\/\/lalonja.tech\/servicios\/#article\",\"isPartOf\":{\"@id\":\"https:\/\/lalonja.tech\/servicios\/\"},\"author\":{\"name\":\"Ines Portella\",\"@id\":\"https:\/\/lalonja.tech\/#\/schema\/person\/9dacdf69d36f3cf5b0d6f0680de88d50\"},\"headline\":\"Servicios\",\"datePublished\":\"2022-08-25T09:15:19+00:00\",\"dateModified\":\"2026-01-15T12:51:42+00:00\",\"mainEntityOfPage\":{\"@id\":\"https:\/\/lalonja.tech\/servicios\/\"},\"wordCount\":1,\"publisher\":{\"@id\":\"https:\/\/lalonja.tech\/#organization\"},\"image\":{\"@id\":\"https:\/\/lalonja.tech\/servicios\/#primaryimage\"},\"thumbnailUrl\":\"\/wp-content\/uploads\/2022\/03\/ILUSTRACIONES-WEB-LONJA-CABECERA-LANDING.jpg\",\"inLanguage\":\"en-US\"},{\"@type\":\"WebPage\",\"@id\":\"https:\/\/lalonja.tech\/servicios\/\",\"url\":\"https:\/\/lalonja.tech\/servicios\/\",\"name\":\"Servicios de Innovaci\u00f3n | La Lonja\",\"isPartOf\":{\"@id\":\"https:\/\/lalonja.tech\/#website\"},\"primaryImageOfPage\":{\"@id\":\"https:\/\/lalonja.tech\/servicios\/#primaryimage\"},\"image\":{\"@id\":\"https:\/\/lalonja.tech\/servicios\/#primaryimage\"},\"thumbnailUrl\":\"\/wp-content\/uploads\/2022\/03\/ILUSTRACIONES-WEB-LONJA-CABECERA-LANDING.jpg\",\"datePublished\":\"2022-08-25T09:15:19+00:00\",\"dateModified\":\"2026-01-15T12:51:42+00:00\",\"description\":\"La Lonja pone a disposici\u00f3n de empresas y emprendedores un amplio abanico de servicios de innovaci\u00f3n para apoyar los proyectos.\",\"breadcrumb\":{\"@id\":\"https:\/\/lalonja.tech\/servicios\/#breadcrumb\"},\"inLanguage\":\"en-US\",\"potentialAction\":[{\"@type\":\"ReadAction\",\"target\":[\"https:\/\/lalonja.tech\/servicios\/\"]}]},{\"@type\":\"ImageObject\",\"inLanguage\":\"en-US\",\"@id\":\"https:\/\/lalonja.tech\/servicios\/#primaryimage\",\"url\":\"\/wp-content\/uploads\/2022\/03\/ILUSTRACIONES-WEB-LONJA-CABECERA-LANDING.jpg\",\"contentUrl\":\"\/wp-content\/uploads\/2022\/03\/ILUSTRACIONES-WEB-LONJA-CABECERA-LANDING.jpg\",\"width\":2500,\"height\":1611,\"caption\":\"la lonja\"},{\"@type\":\"BreadcrumbList\",\"@id\":\"https:\/\/lalonja.tech\/servicios\/#breadcrumb\",\"itemListElement\":[{\"@type\":\"ListItem\",\"position\":1,\"name\":\"Portada\",\"item\":\"https:\/\/lalonja.tech\/en\/\"},{\"@type\":\"ListItem\",\"position\":2,\"name\":\"Servicios\"}]},{\"@type\":\"WebSite\",\"@id\":\"https:\/\/lalonja.tech\/#website\",\"url\":\"https:\/\/lalonja.tech\/\",\"name\":\"La Lonja\",\"description\":\"Revolucionamos la metodolog\u00eda de la innovaci\u00f3n tecnol\u00f3gica en el Puerto de Huelva\",\"publisher\":{\"@id\":\"https:\/\/lalonja.tech\/#organization\"},\"potentialAction\":[{\"@type\":\"SearchAction\",\"target\":{\"@type\":\"EntryPoint\",\"urlTemplate\":\"https:\/\/lalonja.tech\/?s={search_term_string}\"},\"query-input\":{\"@type\":\"PropertyValueSpecification\",\"valueRequired\":true,\"valueName\":\"search_term_string\"}}],\"inLanguage\":\"en-US\"},{\"@type\":\"Organization\",\"@id\":\"https:\/\/lalonja.tech\/#organization\",\"name\":\"La Lonja de la Innovaci\u00f3n\",\"alternateName\":\"La Lonja\",\"url\":\"https:\/\/lalonja.tech\/\",\"logo\":{\"@type\":\"ImageObject\",\"inLanguage\":\"en-US\",\"@id\":\"https:\/\/lalonja.tech\/#\/schema\/logo\/image\/\",\"url\":\"\/wp-content\/uploads\/2022\/04\/mnEIW6-_400x400.jpg\",\"contentUrl\":\"\/wp-content\/uploads\/2022\/04\/mnEIW6-_400x400.jpg\",\"width\":400,\"height\":400,\"caption\":\"La Lonja de la Innovaci\u00f3n\"},\"image\":{\"@id\":\"https:\/\/lalonja.tech\/#\/schema\/logo\/image\/\"},\"sameAs\":[\"https:\/\/www.facebook.com\/lalonjatech\",\"https:\/\/www.linkedin.com\/company\/lalonja-tech\/\",\"https:\/\/www.instagram.com\/lalonjatech\/\"]},{\"@type\":\"Person\",\"@id\":\"https:\/\/lalonja.tech\/#\/schema\/person\/9dacdf69d36f3cf5b0d6f0680de88d50\",\"name\":\"Ines Portella\",\"image\":{\"@type\":\"ImageObject\",\"inLanguage\":\"en-US\",\"@id\":\"https:\/\/lalonja.tech\/#\/schema\/person\/image\/\",\"url\":\"https:\/\/secure.gravatar.com\/avatar\/6eade537b061bc606e3d169f28dafd25?s=96&d=mm&r=g\",\"contentUrl\":\"https:\/\/secure.gravatar.com\/avatar\/6eade537b061bc606e3d169f28dafd25?s=96&d=mm&r=g\",\"caption\":\"Ines Portella\"},\"url\":\"https:\/\/lalonja.tech\/en\/author\/sngular-ines\/\"}]}<\/script>\n<!-- \/ Yoast SEO plugin. -->","yoast_head_json":{"title":"Servicios de Innovaci\u00f3n | La Lonja","description":"La Lonja pone a disposici\u00f3n de empresas y emprendedores un amplio abanico de servicios de innovaci\u00f3n para apoyar los proyectos.","robots":{"index":"index","follow":"follow","max-snippet":"max-snippet:-1","max-image-preview":"max-image-preview:large","max-video-preview":"max-video-preview:-1"},"canonical":"https:\/\/lalonja.tech\/en\/servicios\/","og_locale":"en_US","og_type":"article","og_title":"Servicios de Innovaci\u00f3n | La Lonja","og_description":"La Lonja pone a disposici\u00f3n de empresas y emprendedores un amplio abanico de servicios de innovaci\u00f3n para apoyar los proyectos.","og_url":"https:\/\/lalonja.tech\/servicios\/","og_site_name":"La Lonja","article_publisher":"https:\/\/www.facebook.com\/lalonjatech","article_modified_time":"2026-01-15T12:51:42+00:00","og_image":[{"width":2500,"height":1611,"url":"https:\/\/lalonja.tech\/wp-content\/uploads\/2022\/03\/ILUSTRACIONES-WEB-LONJA-CABECERA-LANDING.jpg","type":"image\/jpeg"}],"twitter_card":"summary_large_image","twitter_misc":{"Est. reading time":"1 minute"},"schema":{"@context":"https:\/\/schema.org","@graph":[{"@type":"Article","@id":"https:\/\/lalonja.tech\/servicios\/#article","isPartOf":{"@id":"https:\/\/lalonja.tech\/servicios\/"},"author":{"name":"Ines Portella","@id":"https:\/\/lalonja.tech\/#\/schema\/person\/9dacdf69d36f3cf5b0d6f0680de88d50"},"headline":"Servicios","datePublished":"2022-08-25T09:15:19+00:00","dateModified":"2026-01-15T12:51:42+00:00","mainEntityOfPage":{"@id":"https:\/\/lalonja.tech\/servicios\/"},"wordCount":1,"publisher":{"@id":"https:\/\/lalonja.tech\/#organization"},"image":{"@id":"https:\/\/lalonja.tech\/servicios\/#primaryimage"},"thumbnailUrl":"\/wp-content\/uploads\/2022\/03\/ILUSTRACIONES-WEB-LONJA-CABECERA-LANDING.jpg","inLanguage":"en-US"},{"@type":"WebPage","@id":"https:\/\/lalonja.tech\/servicios\/","url":"https:\/\/lalonja.tech\/servicios\/","name":"Servicios de Innovaci\u00f3n | La Lonja","isPartOf":{"@id":"https:\/\/lalonja.tech\/#website"},"primaryImageOfPage":{"@id":"https:\/\/lalonja.tech\/servicios\/#primaryimage"},"image":{"@id":"https:\/\/lalonja.tech\/servicios\/#primaryimage"},"thumbnailUrl":"\/wp-content\/uploads\/2022\/03\/ILUSTRACIONES-WEB-LONJA-CABECERA-LANDING.jpg","datePublished":"2022-08-25T09:15:19+00:00","dateModified":"2026-01-15T12:51:42+00:00","description":"La Lonja pone a disposici\u00f3n de empresas y emprendedores un amplio abanico de servicios de innovaci\u00f3n para apoyar los proyectos.","breadcrumb":{"@id":"https:\/\/lalonja.tech\/servicios\/#breadcrumb"},"inLanguage":"en-US","potentialAction":[{"@type":"ReadAction","target":["https:\/\/lalonja.tech\/servicios\/"]}]},{"@type":"ImageObject","inLanguage":"en-US","@id":"https:\/\/lalonja.tech\/servicios\/#primaryimage","url":"\/wp-content\/uploads\/2022\/03\/ILUSTRACIONES-WEB-LONJA-CABECERA-LANDING.jpg","contentUrl":"\/wp-content\/uploads\/2022\/03\/ILUSTRACIONES-WEB-LONJA-CABECERA-LANDING.jpg","width":2500,"height":1611,"caption":"la lonja"},{"@type":"BreadcrumbList","@id":"https:\/\/lalonja.tech\/servicios\/#breadcrumb","itemListElement":[{"@type":"ListItem","position":1,"name":"Portada","item":"https:\/\/lalonja.tech\/en\/"},{"@type":"ListItem","position":2,"name":"Servicios"}]},{"@type":"WebSite","@id":"https:\/\/lalonja.tech\/#website","url":"https:\/\/lalonja.tech\/","name":"La Lonja","description":"Revolucionamos la metodolog\u00eda de la innovaci\u00f3n tecnol\u00f3gica en el Puerto de Huelva","publisher":{"@id":"https:\/\/lalonja.tech\/#organization"},"potentialAction":[{"@type":"SearchAction","target":{"@type":"EntryPoint","urlTemplate":"https:\/\/lalonja.tech\/?s={search_term_string}"},"query-input":{"@type":"PropertyValueSpecification","valueRequired":true,"valueName":"search_term_string"}}],"inLanguage":"en-US"},{"@type":"Organization","@id":"https:\/\/lalonja.tech\/#organization","name":"La Lonja de la Innovaci\u00f3n","alternateName":"La Lonja","url":"https:\/\/lalonja.tech\/","logo":{"@type":"ImageObject","inLanguage":"en-US","@id":"https:\/\/lalonja.tech\/#\/schema\/logo\/image\/","url":"\/wp-content\/uploads\/2022\/04\/mnEIW6-_400x400.jpg","contentUrl":"\/wp-content\/uploads\/2022\/04\/mnEIW6-_400x400.jpg","width":400,"height":400,"caption":"La Lonja de la Innovaci\u00f3n"},"image":{"@id":"https:\/\/lalonja.tech\/#\/schema\/logo\/image\/"},"sameAs":["https:\/\/www.facebook.com\/lalonjatech","https:\/\/www.linkedin.com\/company\/lalonja-tech\/","https:\/\/www.instagram.com\/lalonjatech\/"]},{"@type":"Person","@id":"https:\/\/lalonja.tech\/#\/schema\/person\/9dacdf69d36f3cf5b0d6f0680de88d50","name":"Ines Portella","image":{"@type":"ImageObject","inLanguage":"en-US","@id":"https:\/\/lalonja.tech\/#\/schema\/person\/image\/","url":"https:\/\/secure.gravatar.com\/avatar\/6eade537b061bc606e3d169f28dafd25?s=96&d=mm&r=g","contentUrl":"https:\/\/secure.gravatar.com\/avatar\/6eade537b061bc606e3d169f28dafd25?s=96&d=mm&r=g","caption":"Ines Portella"},"url":"https:\/\/lalonja.tech\/en\/author\/sngular-ines\/"}]}},"_links":{"self":[{"href":"https:\/\/lalonja.tech\/en\/wp-json\/wp\/v2\/pages\/8217"}],"collection":[{"href":"https:\/\/lalonja.tech\/en\/wp-json\/wp\/v2\/pages"}],"about":[{"href":"https:\/\/lalonja.tech\/en\/wp-json\/wp\/v2\/types\/page"}],"author":[{"embeddable":true,"href":"https:\/\/lalonja.tech\/en\/wp-json\/wp\/v2\/users\/4"}],"replies":[{"embeddable":true,"href":"https:\/\/lalonja.tech\/en\/wp-json\/wp\/v2\/comments?post=8217"}],"version-history":[{"count":1,"href":"https:\/\/lalonja.tech\/en\/wp-json\/wp\/v2\/pages\/8217\/revisions"}],"predecessor-version":[{"id":8734,"href":"https:\/\/lalonja.tech\/en\/wp-json\/wp\/v2\/pages\/8217\/revisions\/8734"}],"wp:featuredmedia":[{"embeddable":true,"href":"https:\/\/lalonja.tech\/en\/wp-json\/wp\/v2\/media\/924"}],"wp:attachment":[{"href":"https:\/\/lalonja.tech\/en\/wp-json\/wp\/v2\/media?parent=8217"}],"curies":[{"name":"wp","href":"https:\/\/api.w.org\/{rel}","templated":true}]}}