{"id":8110,"date":"2025-11-11T15:11:48","date_gmt":"2025-11-11T14:11:48","guid":{"rendered":"https:\/\/lalonja.tech\/inicio\/"},"modified":"2025-11-26T17:22:29","modified_gmt":"2025-11-26T16:22:29","slug":"home-la-lonja","status":"publish","type":"page","link":"https:\/\/lalonja.tech\/en\/","title":{"rendered":"Home"},"content":{"rendered":"<section class=\"aph-hero\">\n    <div class=\"wrapper row bottom-xs\">\n        <div class=\"col-xs-12 col-md-7 \">\n                            <h1>Industrial and energy innovation ecosystem. Connected to the territory, projected to the world.<\/h1>\n                                        <p>La Lonja de la Innovaci\u00f3n is the epicenter of technological innovation with real impact on decarbonization, energy transition, and the digital transformation of key sectors such as port, energy, industry, mining, and logistics. From Huelva, we connect companies with solutions, knowledge, and strategic alliances in a unique environment.<\/p>\n                                        <a href=\"\/en\/programa-de-aceleracion\" class=\"aph-btn aph-btn--primary\">See acceleration program<\/a>\n                    <\/div>\n        <div class=\"col-xs-12 col-md-4 col-md-offset-1\">\n            <div class=\"aph-card--fiware\">\n                <div class=\"aph-card--fiware__title\">\n                                            <img decoding=\"async\" src=\"\/wp-content\/uploads\/2025\/11\/fiware-logo-card.png\" alt=\"\" title=\"fiware-logo-card\">\n                                                                iHub Premium\n                                    <\/div>\n                                    <p>One of only 2 hubs in the world with this distinction.<\/p>\n                            <\/div>\n        <\/div>\n    <\/div>\n                        <video\n            autoplay\n            muted\n            loop\n            src=\"\/wp-content\/uploads\/2025\/11\/Video-Lonja-WEB.webm\"\n                    >\n            Lo sentimos, tu navegador no admite v\u00eddeos incrustados, pero no te preocupes, puedes\n            <a href=\"\/wp-content\/uploads\/2025\/11\/Video-Lonja-WEB.webm\">descargarlo<\/a>\n            y verlo con tu reproductor de video favorito!\n        <\/video>\n    <\/section>\n\n<section class=\"aph-banner aph-banner--2-col aph-banner--blue\">\n    <div class=\"wrapper\">\n                <div class=\"aph-banner__inner\">\n                            <div class=\"aph-icon-text aph-icon-text__row\">\n            <img decoding=\"async\" src=\"\/wp-content\/uploads\/2025\/11\/wired-outline-450-solar-panel-hover-pinch.webp\" alt=\"\" title=\"wired-outline-450-solar-panel-hover-pinch\"\/>\n        <div class=\"aph-icon-text__content\">\n                    <h3>Decarbonization from Huelva<\/h3>\n                            <p>Innovation for energy transition and sustainable industry.<\/p>\n                    <\/div>\n<\/div>                            <div class=\"aph-icon-text aph-icon-text__row\">\n            <img decoding=\"async\" src=\"\/wp-content\/uploads\/2025\/11\/wired-outline-2234-firework-hover-launch.webp\" alt=\"\" title=\"wired-outline-2234-firework-hover-launch\"\/>\n        <div class=\"aph-icon-text__content\">\n                    <h3>The momentum for your next technological leap<\/h3>\n                            <p>We accompany companies of different maturity levels to digitize, optimize, adapt, or reinvent their processes in sectors such as port logistics, energy, industry, or mining.<\/p>\n                    <\/div>\n<\/div>                    <\/div>\n    <\/div>\n<\/section>\n\n<section class=\"aph-featured-text\">\n    <div class=\"wrapper row middle-xs\">\n        <div class=\"col-xs-12 col-md-6\">\n                            <h2><em>An ally in your business evolution.<\/em> Solutions and commercial contacts for every stage of business growth.<\/h2>\n                    <\/div>\n        <div class=\"col-xs-12 col-md-6\">\n                            <p>At La Lonja de la Innovaci\u00f3n, we boost business competitiveness through open innovation. <em>We don't just accelerate startups<\/em>: we also support mature companies that need to advance their digitalization, sustainability, or integration of enabling technologies.<\/p>\n                    <\/div>\n    <\/div>\n<\/section>\n\n<section class=\"aph-av-programs\">\n    <div class=\"wrapper\">\n                    <div class=\"aph-av-programs__title\">\n                    <h5>Available Programs<\/h5>\n                <span class=\"icon icon-arrow-down\"><\/span>\n            <\/div>\n                <div class=\"aph-av-programs__grid\">\n                            <div class=\"aph-card__program\">\n                                            <div class=\"aph-card__program__picture\">\n                            <picture>\n                                <img decoding=\"async\" src=\"\/wp-content\/uploads\/2025\/11\/card-programa-home-01-320x300.png\" alt=\"\" title=\"card-programa-home-01\" >\n                            <\/picture>\n                        <\/div>\n                                        <div class=\"aph-card__program__content\">\n                                                    <h3>Acceleration Program<\/h3>\n                                                                            <p>Do you have a project, company, or startup with a technological base? Drive the digital transformation of your sector.<\/p>\n                                                                            <a href=\"\/en\/programa-de-aceleracion\">See call for entries<span class=\"icon icon-arrow-right\"><\/span><\/a>\n                                            <\/div>\n                <\/div>\n                            <div class=\"aph-card__program\">\n                                            <div class=\"aph-card__program__picture\">\n                            <picture>\n                                <img decoding=\"async\" src=\"\/wp-content\/uploads\/2025\/11\/card-programa-home-02-320x300.png\" alt=\"\" title=\"card-programa-home-02\" >\n                            <\/picture>\n                        <\/div>\n                                        <div class=\"aph-card__program__content\">\n                                                    <h3>FIWARE Tech Program<\/h3>\n                                                                            <p>With this program, we help you implement or integrate your solution with FIWARE technology through training, support, and specialized individual mentoring.<\/p>\n                                                                            <a href=\"\/en\/programa-fiware\/\">See program<span class=\"icon icon-arrow-right\"><\/span><\/a>\n                                            <\/div>\n                <\/div>\n                            <div class=\"aph-card__program\">\n                                            <div class=\"aph-card__program__picture\">\n                            <picture>\n                                <img decoding=\"async\" src=\"\/wp-content\/uploads\/2025\/11\/card-programa-home-03-320x300.png\" alt=\"\" title=\"card-programa-home-03\" >\n                            <\/picture>\n                        <\/div>\n                                        <div class=\"aph-card__program__content\">\n                                                    <h3>Projected Road Signage Challenge in Solid Bulk Terminal Operations Area<\/h3>\n                                                                            <p>You will have the option to implement a paid pilot project of up to \u20ac15,000 in the Huelva Port environment.<\/p>\n                                                                            <a href=\"\/en\/retos\">See challenge<span class=\"icon icon-arrow-right\"><\/span><\/a>\n                                            <\/div>\n                <\/div>\n                    <\/div>\n    <\/div>\n<\/section>\n\n<section class=\"aph-currentnews\">\n    <div class=\"wrapper\">\n        <div class=\"aph-currentnews__featured\">\n            <div class=\"aph-currentnews__featured__grid\">\n                                    <div class=\"aph-card__new aph-card__new--horizontal\">\n            <picture>\n            <img decoding=\"async\" src=\"\/wp-content\/uploads\/2025\/03\/nexterra-320x240.jpg\" alt=\"\" title=\"nexterra\"\/>\n        <\/picture>\n        <div class=\"aph-card__new__content\">\n                    <div class=\"aph-card__new__category\">Success stories<span class=\"icon icon-star\"><\/span><\/div>\n                            <h2>Nexterra, accelerated by La Lonja, drives sustainable innovation with support from Puertos del Estado<\/h2>\n                <div class=\"aph-card__new__content__footer\">\n            <a href=\"https:\/\/lalonja.tech\/en\/nexterra-accelerated-by-la-lonja-drives-sustainable-innovation-with-support-from-puertos-del-estado\/\">Read more<span class=\"icon icon-arrow-right\"><\/span><\/a>\n                            <time>11 March 2025<\/time>\n                    <\/div>\n    <\/div>\n<\/div>                            <\/div>\n                            <div class=\"aph-currentnews__featured__link\">\n                    <a href=\"\/en\/blog\">\n                        See all success stories\n                        <span class=\"icon icon-arrow-right\"><\/span>\n                    <\/a>\n                <\/div>\n                    <\/div>\n        <div class=\"aph-currentnews__category\">\n            <div class=\"aph-currentnews__category__grid\">\n                                    <div class=\"aph-card__new\">\n            <picture>\n            <img decoding=\"async\" src=\"\/wp-content\/uploads\/2026\/04\/man-checking-stock-market-data-tablet-320x240.jpg\" alt=\"Hombre calculando WACC en tablet\" title=\"Man checking stock market data on tablet\"\/>\n        <\/picture>\n        <div class=\"aph-card__new__content\">\n                    <time>7 April 2026<\/time>\n                            <h2>WACC: What is it and how is it calculated?<\/h2>\n                           <p>We explain one of the most important metrics in corporate finance: WACC (Weighted Average Cost of Capital).<\/p>\n                <a href=\"https:\/\/lalonja.tech\/en\/waccwhat-is-it-and-how-is-it-calculated\/\">Read more<span class=\"icon icon-arrow-right\"><\/span><\/a>\n    <\/div>\n<\/div>                                    <div class=\"aph-card__new\">\n            <picture>\n            <img decoding=\"async\" src=\"\/wp-content\/uploads\/2026\/03\/collage-customer-experience-concept-320x240.jpg\" alt=\"Programa de referidos\" title=\"collage-customer-experience-concept\"\/>\n        <\/picture>\n        <div class=\"aph-card__new__content\">\n                    <time>24 March 2026<\/time>\n                            <h2>Referral Program: turn your customers into brand ambassadors<\/h2>\n                           <p>The referral program is a very powerful tool that you might be missing out on. We'll show you how to use it.<\/p>\n                <a href=\"https:\/\/lalonja.tech\/en\/referral-program-turn-your-customers-into-brand-ambassadors\/\">Read more<span class=\"icon icon-arrow-right\"><\/span><\/a>\n    <\/div>\n<\/div>                            <\/div>\n                            <div class=\"aph-currentnews__category__link\">\n                    <a href=\"\/en\/blog\">\n                        See more news\n                        <span class=\"icon icon-arrow-right\"><\/span>\n                    <\/a>\n                <\/div>\n                    <\/div>\n    <\/div>\n<\/section>","protected":false},"excerpt":{"rendered":"","protected":false},"author":10,"featured_media":0,"parent":0,"menu_order":0,"comment_status":"closed","ping_status":"closed","template":"","meta":{"footnotes":""},"class_list":["post-8110","page","type-page","status-publish","hentry"],"yoast_head":"<!-- This site is optimized with the Yoast SEO plugin v25.6 - https:\/\/yoast.com\/wordpress\/plugins\/seo\/ -->\n<title>Home | La Lonja<\/title>\n<meta name=\"description\" content=\"La Lonja de la Innovaci\u00f3n, a startup accelerator that promotes the digital transformation of the port sector. Discover their programs!\" \/>\n<meta name=\"robots\" content=\"index, follow, max-snippet:-1, max-image-preview:large, max-video-preview:-1\" \/>\n<link rel=\"canonical\" href=\"https:\/\/lalonja.tech\/en\/\" \/>\n<meta property=\"og:locale\" content=\"en_US\" \/>\n<meta property=\"og:type\" content=\"article\" \/>\n<meta property=\"og:title\" content=\"Home | La Lonja\" \/>\n<meta property=\"og:description\" content=\"La Lonja de la Innovaci\u00f3n, a startup accelerator that promotes the digital transformation of the port sector. Discover their programs!\" \/>\n<meta property=\"og:url\" content=\"https:\/\/lalonja.tech\/en\/\" \/>\n<meta property=\"og:site_name\" content=\"La Lonja\" \/>\n<meta property=\"article:publisher\" content=\"https:\/\/www.facebook.com\/lalonjatech\" \/>\n<meta property=\"article:modified_time\" content=\"2025-11-26T16:22:29+00:00\" \/>\n<meta property=\"og:image\" content=\"https:\/\/lalonja.tech\/wp-content\/uploads\/2025\/11\/20220209-facebook-post.webp\" \/>\n\t<meta property=\"og:image:width\" content=\"1200\" \/>\n\t<meta property=\"og:image:height\" content=\"630\" \/>\n\t<meta property=\"og:image:type\" content=\"image\/webp\" \/>\n<meta name=\"twitter:card\" content=\"summary_large_image\" \/>\n<script type=\"application\/ld+json\" class=\"yoast-schema-graph\">{\"@context\":\"https:\/\/schema.org\",\"@graph\":[{\"@type\":\"Article\",\"@id\":\"https:\/\/lalonja.tech\/en\/#article\",\"isPartOf\":{\"@id\":\"https:\/\/lalonja.tech\/en\/\"},\"author\":{\"name\":\"Rafael Rodriguez\",\"@id\":\"https:\/\/lalonja.tech\/#\/schema\/person\/ccce0d95064fa8da83a0eb279c0c7c2f\"},\"headline\":\"Home\",\"datePublished\":\"2025-11-11T14:11:48+00:00\",\"dateModified\":\"2025-11-26T16:22:29+00:00\",\"mainEntityOfPage\":{\"@id\":\"https:\/\/lalonja.tech\/en\/\"},\"wordCount\":1,\"publisher\":{\"@id\":\"https:\/\/lalonja.tech\/#organization\"},\"inLanguage\":\"en-US\"},{\"@type\":\"WebPage\",\"@id\":\"https:\/\/lalonja.tech\/en\/\",\"url\":\"https:\/\/lalonja.tech\/en\/\",\"name\":\"Home | La Lonja\",\"isPartOf\":{\"@id\":\"https:\/\/lalonja.tech\/#website\"},\"datePublished\":\"2025-11-11T14:11:48+00:00\",\"dateModified\":\"2025-11-26T16:22:29+00:00\",\"description\":\"La Lonja de la Innovaci\u00f3n, a startup accelerator that promotes the digital transformation of the port sector. Discover their programs!\",\"breadcrumb\":{\"@id\":\"https:\/\/lalonja.tech\/en\/#breadcrumb\"},\"inLanguage\":\"en-US\",\"potentialAction\":[{\"@type\":\"ReadAction\",\"target\":[\"https:\/\/lalonja.tech\/en\/\"]}]},{\"@type\":\"BreadcrumbList\",\"@id\":\"https:\/\/lalonja.tech\/en\/#breadcrumb\",\"itemListElement\":[{\"@type\":\"ListItem\",\"position\":1,\"name\":\"Portada\",\"item\":\"https:\/\/lalonja.tech\/en\/\"},{\"@type\":\"ListItem\",\"position\":2,\"name\":\"Home\"}]},{\"@type\":\"WebSite\",\"@id\":\"https:\/\/lalonja.tech\/#website\",\"url\":\"https:\/\/lalonja.tech\/\",\"name\":\"La Lonja\",\"description\":\"Revolucionamos la metodolog\u00eda de la innovaci\u00f3n tecnol\u00f3gica en el Puerto de Huelva\",\"publisher\":{\"@id\":\"https:\/\/lalonja.tech\/#organization\"},\"potentialAction\":[{\"@type\":\"SearchAction\",\"target\":{\"@type\":\"EntryPoint\",\"urlTemplate\":\"https:\/\/lalonja.tech\/?s={search_term_string}\"},\"query-input\":{\"@type\":\"PropertyValueSpecification\",\"valueRequired\":true,\"valueName\":\"search_term_string\"}}],\"inLanguage\":\"en-US\"},{\"@type\":\"Organization\",\"@id\":\"https:\/\/lalonja.tech\/#organization\",\"name\":\"La Lonja de la Innovaci\u00f3n\",\"alternateName\":\"La Lonja\",\"url\":\"https:\/\/lalonja.tech\/\",\"logo\":{\"@type\":\"ImageObject\",\"inLanguage\":\"en-US\",\"@id\":\"https:\/\/lalonja.tech\/#\/schema\/logo\/image\/\",\"url\":\"\/wp-content\/uploads\/2022\/04\/mnEIW6-_400x400.jpg\",\"contentUrl\":\"\/wp-content\/uploads\/2022\/04\/mnEIW6-_400x400.jpg\",\"width\":400,\"height\":400,\"caption\":\"La Lonja de la Innovaci\u00f3n\"},\"image\":{\"@id\":\"https:\/\/lalonja.tech\/#\/schema\/logo\/image\/\"},\"sameAs\":[\"https:\/\/www.facebook.com\/lalonjatech\",\"https:\/\/www.linkedin.com\/company\/lalonja-tech\/\",\"https:\/\/www.instagram.com\/lalonjatech\/\"]},{\"@type\":\"Person\",\"@id\":\"https:\/\/lalonja.tech\/#\/schema\/person\/ccce0d95064fa8da83a0eb279c0c7c2f\",\"name\":\"Rafael Rodriguez\",\"image\":{\"@type\":\"ImageObject\",\"inLanguage\":\"en-US\",\"@id\":\"https:\/\/lalonja.tech\/#\/schema\/person\/image\/\",\"url\":\"https:\/\/secure.gravatar.com\/avatar\/dc26235f85185184a10d0c440b6f862e?s=96&d=mm&r=g\",\"contentUrl\":\"https:\/\/secure.gravatar.com\/avatar\/dc26235f85185184a10d0c440b6f862e?s=96&d=mm&r=g\",\"caption\":\"Rafael Rodriguez\"},\"url\":\"https:\/\/lalonja.tech\/en\/author\/rafael-rodriguezsngular-com\/\"}]}<\/script>\n<!-- \/ Yoast SEO plugin. -->","yoast_head_json":{"title":"Home | La Lonja","description":"La Lonja de la Innovaci\u00f3n, a startup accelerator that promotes the digital transformation of the port sector. Discover their programs!","robots":{"index":"index","follow":"follow","max-snippet":"max-snippet:-1","max-image-preview":"max-image-preview:large","max-video-preview":"max-video-preview:-1"},"canonical":"https:\/\/lalonja.tech\/en\/","og_locale":"en_US","og_type":"article","og_title":"Home | La Lonja","og_description":"La Lonja de la Innovaci\u00f3n, a startup accelerator that promotes the digital transformation of the port sector. Discover their programs!","og_url":"https:\/\/lalonja.tech\/en\/","og_site_name":"La Lonja","article_publisher":"https:\/\/www.facebook.com\/lalonjatech","article_modified_time":"2025-11-26T16:22:29+00:00","og_image":[{"width":1200,"height":630,"url":"https:\/\/lalonja.tech\/wp-content\/uploads\/2025\/11\/20220209-facebook-post.webp","type":"image\/webp"}],"twitter_card":"summary_large_image","schema":{"@context":"https:\/\/schema.org","@graph":[{"@type":"Article","@id":"https:\/\/lalonja.tech\/en\/#article","isPartOf":{"@id":"https:\/\/lalonja.tech\/en\/"},"author":{"name":"Rafael Rodriguez","@id":"https:\/\/lalonja.tech\/#\/schema\/person\/ccce0d95064fa8da83a0eb279c0c7c2f"},"headline":"Home","datePublished":"2025-11-11T14:11:48+00:00","dateModified":"2025-11-26T16:22:29+00:00","mainEntityOfPage":{"@id":"https:\/\/lalonja.tech\/en\/"},"wordCount":1,"publisher":{"@id":"https:\/\/lalonja.tech\/#organization"},"inLanguage":"en-US"},{"@type":"WebPage","@id":"https:\/\/lalonja.tech\/en\/","url":"https:\/\/lalonja.tech\/en\/","name":"Home | La Lonja","isPartOf":{"@id":"https:\/\/lalonja.tech\/#website"},"datePublished":"2025-11-11T14:11:48+00:00","dateModified":"2025-11-26T16:22:29+00:00","description":"La Lonja de la Innovaci\u00f3n, a startup accelerator that promotes the digital transformation of the port sector. Discover their programs!","breadcrumb":{"@id":"https:\/\/lalonja.tech\/en\/#breadcrumb"},"inLanguage":"en-US","potentialAction":[{"@type":"ReadAction","target":["https:\/\/lalonja.tech\/en\/"]}]},{"@type":"BreadcrumbList","@id":"https:\/\/lalonja.tech\/en\/#breadcrumb","itemListElement":[{"@type":"ListItem","position":1,"name":"Portada","item":"https:\/\/lalonja.tech\/en\/"},{"@type":"ListItem","position":2,"name":"Home"}]},{"@type":"WebSite","@id":"https:\/\/lalonja.tech\/#website","url":"https:\/\/lalonja.tech\/","name":"La Lonja","description":"Revolucionamos la metodolog\u00eda de la innovaci\u00f3n tecnol\u00f3gica en el Puerto de Huelva","publisher":{"@id":"https:\/\/lalonja.tech\/#organization"},"potentialAction":[{"@type":"SearchAction","target":{"@type":"EntryPoint","urlTemplate":"https:\/\/lalonja.tech\/?s={search_term_string}"},"query-input":{"@type":"PropertyValueSpecification","valueRequired":true,"valueName":"search_term_string"}}],"inLanguage":"en-US"},{"@type":"Organization","@id":"https:\/\/lalonja.tech\/#organization","name":"La Lonja de la Innovaci\u00f3n","alternateName":"La Lonja","url":"https:\/\/lalonja.tech\/","logo":{"@type":"ImageObject","inLanguage":"en-US","@id":"https:\/\/lalonja.tech\/#\/schema\/logo\/image\/","url":"\/wp-content\/uploads\/2022\/04\/mnEIW6-_400x400.jpg","contentUrl":"\/wp-content\/uploads\/2022\/04\/mnEIW6-_400x400.jpg","width":400,"height":400,"caption":"La Lonja de la Innovaci\u00f3n"},"image":{"@id":"https:\/\/lalonja.tech\/#\/schema\/logo\/image\/"},"sameAs":["https:\/\/www.facebook.com\/lalonjatech","https:\/\/www.linkedin.com\/company\/lalonja-tech\/","https:\/\/www.instagram.com\/lalonjatech\/"]},{"@type":"Person","@id":"https:\/\/lalonja.tech\/#\/schema\/person\/ccce0d95064fa8da83a0eb279c0c7c2f","name":"Rafael Rodriguez","image":{"@type":"ImageObject","inLanguage":"en-US","@id":"https:\/\/lalonja.tech\/#\/schema\/person\/image\/","url":"https:\/\/secure.gravatar.com\/avatar\/dc26235f85185184a10d0c440b6f862e?s=96&d=mm&r=g","contentUrl":"https:\/\/secure.gravatar.com\/avatar\/dc26235f85185184a10d0c440b6f862e?s=96&d=mm&r=g","caption":"Rafael Rodriguez"},"url":"https:\/\/lalonja.tech\/en\/author\/rafael-rodriguezsngular-com\/"}]}},"_links":{"self":[{"href":"https:\/\/lalonja.tech\/en\/wp-json\/wp\/v2\/pages\/8110"}],"collection":[{"href":"https:\/\/lalonja.tech\/en\/wp-json\/wp\/v2\/pages"}],"about":[{"href":"https:\/\/lalonja.tech\/en\/wp-json\/wp\/v2\/types\/page"}],"author":[{"embeddable":true,"href":"https:\/\/lalonja.tech\/en\/wp-json\/wp\/v2\/users\/10"}],"replies":[{"embeddable":true,"href":"https:\/\/lalonja.tech\/en\/wp-json\/wp\/v2\/comments?post=8110"}],"version-history":[{"count":6,"href":"https:\/\/lalonja.tech\/en\/wp-json\/wp\/v2\/pages\/8110\/revisions"}],"predecessor-version":[{"id":8315,"href":"https:\/\/lalonja.tech\/en\/wp-json\/wp\/v2\/pages\/8110\/revisions\/8315"}],"wp:attachment":[{"href":"https:\/\/lalonja.tech\/en\/wp-json\/wp\/v2\/media?parent=8110"}],"curies":[{"name":"wp","href":"https:\/\/api.w.org\/{rel}","templated":true}]}}