{"id":1433,"date":"2022-12-16T08:43:11","date_gmt":"2022-12-16T08:43:11","guid":{"rendered":"https:\/\/lalonja.tech\/?page_id=1433"},"modified":"2025-11-12T12:51:50","modified_gmt":"2025-11-12T11:51:50","slug":"home","status":"publish","type":"page","link":"https:\/\/lalonja.tech\/en\/home\/","title":{"rendered":"Home"},"content":{"rendered":"<section class=\"hof-hero\" style=\"background-image: url(\/wp-content\/uploads\/2023\/04\/20230405-APH001-FOTOS-WEB-CABECERA-HOME.png)\">\n    <div class=\"row wrapper\">\n        <div class=\"col-xs-12 col-sm-12 col-md-6 hof-hero__text ml-a\">\n            \n                            <h1>La Lonja de la Innovaci\u00f3n<\/h1>\n<p><span style=\"font-weight: 400\">La Lonja de la Innovaci\u00f3n is an initiative that promotes the digital transformation of the port sector, with the aim of boosting socioeconomic development through collaboration between companies, institutions and entrepreneurs.<\/span><\/p>\n<p><strong>Which programs are available in La Lonja de la Innovaci\u00f3n?<br \/><\/strong><span style=\"font-weight: 400\">The Port Authority of Huelva and Telef\u00f3nica provide entrepreneurs and companies with two powerful programs to work on the innovation and digitalization of your project.<\/span><\/p>\n\n                        <div class=\"hof-hero__links\">\n                            \n\n                                        <\/div>\n                    <\/div>\n    <\/div>\n<\/section>\n\n\n<div class=\"hof-convocatoria bg-blue-light\">\n  <div class=\"row wrapper pt-6 pb-6 middle-xs\">\n      <div class=\"hof-convocatoria__content col-xs-12 col-sm-6\">\n                            <h2><b>Business Accelerator Program<\/b><\/h2>\n<p>Technology-based program where we will look for projects or businesses with innovative capacity, preferably in the field of port logistics.<\/p>\n<p>We will support 6 projects that will be chosen by a professional jury. During 8 months (extensible to another 4) we will work on creating projects and opportunities of great value for the economy of Huelva.<\/p>\n<p>Access to this program will be performed through annual callings. Inscription dates for the next call will be announced soon.<\/p>\n\n                      <\/div>\n              <div class=\"col-xs-12 col-sm-6\">\n          <img decoding=\"async\" src=\"\/wp-content\/uploads\/2023\/04\/20230405-APH001-FOTOS-WEB-HOME-SECCION-ACELERACION.png\" class=\"w-100\" alt=\"Programa Aceleraci\u00f3n\" title=\"20230405 - APH001 - FOTOS WEB - HOME SECCION ACELERACION\"\/>\n        <\/div>\n        <\/div>\n<\/div>\n\n<section class=\"hof-logos bg-secondary\">\n    <div class=\"row wrapper pt-4 pb-4\">\n        <div class=\"col-xs-12 col-sm-6\">\n                            <img decoding=\"async\" src=\"\/wp-content\/uploads\/2023\/04\/20230405-APH001-FOTOS-WEB-HOME-SECCION-FIWARE.png\" class=\"m-a\" alt=\"Programa FIWARE tech\" title=\"20230405 - APH001 - FOTOS WEB - HOME SECCION FIWARE\"\/>\n                    <\/div>\n        <div class=\"col-xs-12 col-sm-6 hof-separator t-white row middle-xs\">\n                            <h2><span style=\"color: #ffffff\"><b>FIWARE Tech Program<\/b><\/span><\/h2>\n<p>Mentoring and technical support program to help integrate and develop solutions based on FIWARE technology.<\/p>\n<p>During the program, phases are designed with their respective milestones in order to obtain the FIWARE Ready or Powered by FIWARE validation.<\/p>\n<p>This program is available on an ongoing basis through the year so, if interested, you can start today!<\/p>\n\n                    <\/div>\n    <\/div>\n<\/section>\n\n\n<div class=\"hof-convocatoria bg-blue-light\">\n  <div class=\"row wrapper pt-6 pb-6 middle-xs\">\n      <div class=\"hof-convocatoria__content col-xs-12 col-sm-6\">\n                            <h3><strong>Sectors<\/strong><\/h3>\n<p>At La Lonja de la Innovaci\u00f3n we are seeking talent. Which are our sectors of interest?<\/p>\n<p>Blue Economy: Ports, maritime transport, port and agency services, customs and customs procedures.<\/p>\n<p><strong>IoT<\/strong>: Internet of Things, products, services and applications based on FIWARE technology.<\/p>\n<p><strong>Smart<\/strong>: Technologies, products and services smart cities, smart warehouse, smart trade, smart transport.<\/p>\n<p><strong>Digital industry<\/strong>: Industry 4.0, logistics services, energy and sustainability.<\/p>\n<p><strong>Digital<\/strong>: Virtualization, digital contents, Big Data.<\/p>\n<p><strong>Security<\/strong>: Blockchain, security.<\/p>\n\n                      <\/div>\n              <div class=\"col-xs-12 col-sm-6\">\n          <img decoding=\"async\" src=\"\/wp-content\/uploads\/2023\/04\/20230405-APH001-FOTOS-WEB-HOME-SECCIONES.jpg\" class=\"w-100\" alt=\"Edificio La Lonja de la Innovaci\u00f3n\" title=\"20230405 - APH001 - FOTOS WEB - HOME SECCIONES\"\/>\n        <\/div>\n        <\/div>\n<\/div>\n\n<div class=\"pt-4 pb-4\">\n    <div class=\"row wrapper\">\n                    <div class=\"col-xs-12 col-sm-4 pb-2\">\n                <h3>News<\/h3>\r\n<p>Check out all the news of the initiative.<\/p>\n                                \t                    <a href=\"https:\/\/lalonja.tech\/en\/blog\/\" class=\"hof-button\">See all posts<\/a>\n                            <\/div>\n           \n\t\t            <div class=\"col-xs-12 col-sm-4 pb-2\">\n               <div class=\"aph-card-blog\">\n            <picture><img decoding=\"async\" src=\"\/wp-content\/uploads\/2026\/03\/LA-LONJA-DE-LA-INNOVACION-126-640x200.jpg\" alt=\"Nuevas empresas de La Lonja de la Innovaci\u00f3n\" title=\"LA LONJA DE LA INNOVACION-126\"><\/picture>\n        <div class=\"aph-card-blog__content\">\n                    <time>16 April 2026<\/time>\n                            <h2>Get to know the new companies in La Lonja de la Innovaci\u00f3n's ecosystem<\/h2>\n                            <p>In recent month, we have welcomed 11 new companies joining La Lonja de la Innovaci\u00f3n. Here\u2019s a look at them.<\/p>\n                <a href=\"https:\/\/lalonja.tech\/en\/get-to-know-the-new-companies-in-la-lonja-de-la-innovacions-ecosystem\/\">Read more <span class=\"icon icon-arrow-right\"><\/span><\/a>\n    <\/div>\n<\/div>\n\n            <\/div>\n                    <div class=\"col-xs-12 col-sm-4 pb-2\">\n               <div class=\"aph-card-blog\">\n            <picture><img decoding=\"async\" src=\"\/wp-content\/uploads\/2026\/04\/man-checking-stock-market-data-tablet-640x200.jpg\" alt=\"Hombre calculando WACC en tablet\" title=\"Man checking stock market data on tablet\"><\/picture>\n        <div class=\"aph-card-blog__content\">\n                    <time>7 April 2026<\/time>\n                            <h2>WACC: What is it and how is it calculated?<\/h2>\n                            <p>We explain one of the most important metrics in corporate finance: WACC (Weighted Average Cost of Capital).<\/p>\n                <a href=\"https:\/\/lalonja.tech\/en\/waccwhat-is-it-and-how-is-it-calculated\/\">Read more <span class=\"icon icon-arrow-right\"><\/span><\/a>\n    <\/div>\n<\/div>\n\n            <\/div>\n         \n    <\/div>\n<\/div>","protected":false},"excerpt":{"rendered":"","protected":false},"author":4,"featured_media":2261,"parent":0,"menu_order":0,"comment_status":"closed","ping_status":"closed","template":"","meta":{"footnotes":""},"class_list":["post-1433","page","type-page","status-publish","has-post-thumbnail","hentry"],"yoast_head":"<!-- This site is optimized with the Yoast SEO plugin v25.6 - https:\/\/yoast.com\/wordpress\/plugins\/seo\/ -->\n<title>Startup accelerator | La Lonja<\/title>\n<meta name=\"description\" content=\"La Lonja de la Innovaci\u00f3n, a startup accelerator that promotes the digital transformation of the port sector. Discover their programs!\" \/>\n<meta name=\"robots\" content=\"noindex, follow\" \/>\n<meta property=\"og:locale\" content=\"en_US\" \/>\n<meta property=\"og:type\" content=\"article\" \/>\n<meta property=\"og:title\" content=\"Startup accelerator | La Lonja\" \/>\n<meta property=\"og:description\" content=\"La Lonja de la Innovaci\u00f3n, a startup accelerator that promotes the digital transformation of the port sector. Discover their programs!\" \/>\n<meta property=\"og:url\" content=\"https:\/\/lalonja.tech\/en\/home\/\" \/>\n<meta property=\"og:site_name\" content=\"La Lonja\" \/>\n<meta property=\"article:publisher\" content=\"https:\/\/www.facebook.com\/lalonjatech\" \/>\n<meta property=\"article:modified_time\" content=\"2025-11-12T11:51:50+00:00\" \/>\n<meta property=\"og:image\" content=\"https:\/\/lalonja.tech\/wp-content\/uploads\/2023\/04\/20230405-APH001-FOTOS-WEB-CABECERA-HOME.png\" \/>\n\t<meta property=\"og:image:width\" content=\"1200\" \/>\n\t<meta property=\"og:image:height\" content=\"773\" \/>\n\t<meta property=\"og:image:type\" content=\"image\/png\" \/>\n<meta name=\"twitter:card\" content=\"summary_large_image\" \/>\n<meta name=\"twitter:label1\" content=\"Est. reading time\" \/>\n\t<meta name=\"twitter:data1\" content=\"1 minute\" \/>\n<script type=\"application\/ld+json\" class=\"yoast-schema-graph\">{\"@context\":\"https:\/\/schema.org\",\"@graph\":[{\"@type\":\"Article\",\"@id\":\"https:\/\/lalonja.tech\/en\/home\/#article\",\"isPartOf\":{\"@id\":\"https:\/\/lalonja.tech\/en\/home\/\"},\"author\":{\"name\":\"Ines Portella\",\"@id\":\"https:\/\/lalonja.tech\/en\/#\/schema\/person\/9dacdf69d36f3cf5b0d6f0680de88d50\"},\"headline\":\"Home\",\"datePublished\":\"2022-12-16T08:43:11+00:00\",\"dateModified\":\"2025-11-12T11:51:50+00:00\",\"mainEntityOfPage\":{\"@id\":\"https:\/\/lalonja.tech\/en\/home\/\"},\"wordCount\":1,\"publisher\":{\"@id\":\"https:\/\/lalonja.tech\/en\/#organization\"},\"image\":{\"@id\":\"https:\/\/lalonja.tech\/en\/home\/#primaryimage\"},\"thumbnailUrl\":\"\/wp-content\/uploads\/2023\/04\/20230405-APH001-FOTOS-WEB-CABECERA-HOME.png\",\"inLanguage\":\"en-US\"},{\"@type\":\"WebPage\",\"@id\":\"https:\/\/lalonja.tech\/en\/home\/\",\"url\":\"https:\/\/lalonja.tech\/en\/home\/\",\"name\":\"Startup accelerator | La Lonja\",\"isPartOf\":{\"@id\":\"https:\/\/lalonja.tech\/en\/#website\"},\"primaryImageOfPage\":{\"@id\":\"https:\/\/lalonja.tech\/en\/home\/#primaryimage\"},\"image\":{\"@id\":\"https:\/\/lalonja.tech\/en\/home\/#primaryimage\"},\"thumbnailUrl\":\"\/wp-content\/uploads\/2023\/04\/20230405-APH001-FOTOS-WEB-CABECERA-HOME.png\",\"datePublished\":\"2022-12-16T08:43:11+00:00\",\"dateModified\":\"2025-11-12T11:51:50+00:00\",\"description\":\"La Lonja de la Innovaci\u00f3n, a startup accelerator that promotes the digital transformation of the port sector. Discover their programs!\",\"breadcrumb\":{\"@id\":\"https:\/\/lalonja.tech\/en\/home\/#breadcrumb\"},\"inLanguage\":\"en-US\",\"potentialAction\":[{\"@type\":\"ReadAction\",\"target\":[\"https:\/\/lalonja.tech\/en\/home\/\"]}]},{\"@type\":\"ImageObject\",\"inLanguage\":\"en-US\",\"@id\":\"https:\/\/lalonja.tech\/en\/home\/#primaryimage\",\"url\":\"\/wp-content\/uploads\/2023\/04\/20230405-APH001-FOTOS-WEB-CABECERA-HOME.png\",\"contentUrl\":\"\/wp-content\/uploads\/2023\/04\/20230405-APH001-FOTOS-WEB-CABECERA-HOME.png\",\"width\":1200,\"height\":773,\"caption\":\"La Lonja de la Innovaci\u00f3n\"},{\"@type\":\"BreadcrumbList\",\"@id\":\"https:\/\/lalonja.tech\/en\/home\/#breadcrumb\",\"itemListElement\":[{\"@type\":\"ListItem\",\"position\":1,\"name\":\"Portada\",\"item\":\"https:\/\/lalonja.tech\/en\/\"},{\"@type\":\"ListItem\",\"position\":2,\"name\":\"https:\/\/lalonja.tech\/en\/home\/\"}]},{\"@type\":\"WebSite\",\"@id\":\"https:\/\/lalonja.tech\/en\/#website\",\"url\":\"https:\/\/lalonja.tech\/en\/\",\"name\":\"La Lonja\",\"description\":\"Revolucionamos la metodolog\u00eda de la innovaci\u00f3n tecnol\u00f3gica en el Puerto de Huelva\",\"publisher\":{\"@id\":\"https:\/\/lalonja.tech\/en\/#organization\"},\"potentialAction\":[{\"@type\":\"SearchAction\",\"target\":{\"@type\":\"EntryPoint\",\"urlTemplate\":\"https:\/\/lalonja.tech\/en\/?s={search_term_string}\"},\"query-input\":{\"@type\":\"PropertyValueSpecification\",\"valueRequired\":true,\"valueName\":\"search_term_string\"}}],\"inLanguage\":\"en-US\"},{\"@type\":\"Organization\",\"@id\":\"https:\/\/lalonja.tech\/en\/#organization\",\"name\":\"La Lonja de la Innovaci\u00f3n\",\"alternateName\":\"La Lonja\",\"url\":\"https:\/\/lalonja.tech\/en\/\",\"logo\":{\"@type\":\"ImageObject\",\"inLanguage\":\"en-US\",\"@id\":\"https:\/\/lalonja.tech\/en\/#\/schema\/logo\/image\/\",\"url\":\"\/wp-content\/uploads\/2022\/04\/mnEIW6-_400x400.jpg\",\"contentUrl\":\"\/wp-content\/uploads\/2022\/04\/mnEIW6-_400x400.jpg\",\"width\":400,\"height\":400,\"caption\":\"La Lonja de la Innovaci\u00f3n\"},\"image\":{\"@id\":\"https:\/\/lalonja.tech\/en\/#\/schema\/logo\/image\/\"},\"sameAs\":[\"https:\/\/www.facebook.com\/lalonjatech\",\"https:\/\/www.linkedin.com\/company\/lalonja-tech\/\",\"https:\/\/www.instagram.com\/lalonjatech\/\"]},{\"@type\":\"Person\",\"@id\":\"https:\/\/lalonja.tech\/en\/#\/schema\/person\/9dacdf69d36f3cf5b0d6f0680de88d50\",\"name\":\"Ines Portella\",\"image\":{\"@type\":\"ImageObject\",\"inLanguage\":\"en-US\",\"@id\":\"https:\/\/lalonja.tech\/en\/#\/schema\/person\/image\/\",\"url\":\"https:\/\/secure.gravatar.com\/avatar\/6eade537b061bc606e3d169f28dafd25?s=96&d=mm&r=g\",\"contentUrl\":\"https:\/\/secure.gravatar.com\/avatar\/6eade537b061bc606e3d169f28dafd25?s=96&d=mm&r=g\",\"caption\":\"Ines Portella\"},\"url\":\"https:\/\/lalonja.tech\/en\/author\/sngular-ines\/\"}]}<\/script>\n<!-- \/ Yoast SEO plugin. -->","yoast_head_json":{"title":"Startup accelerator | La Lonja","description":"La Lonja de la Innovaci\u00f3n, a startup accelerator that promotes the digital transformation of the port sector. Discover their programs!","robots":{"index":"noindex","follow":"follow"},"og_locale":"en_US","og_type":"article","og_title":"Startup accelerator | La Lonja","og_description":"La Lonja de la Innovaci\u00f3n, a startup accelerator that promotes the digital transformation of the port sector. Discover their programs!","og_url":"https:\/\/lalonja.tech\/en\/home\/","og_site_name":"La Lonja","article_publisher":"https:\/\/www.facebook.com\/lalonjatech","article_modified_time":"2025-11-12T11:51:50+00:00","og_image":[{"width":1200,"height":773,"url":"https:\/\/lalonja.tech\/wp-content\/uploads\/2023\/04\/20230405-APH001-FOTOS-WEB-CABECERA-HOME.png","type":"image\/png"}],"twitter_card":"summary_large_image","twitter_misc":{"Est. reading time":"1 minute"},"schema":{"@context":"https:\/\/schema.org","@graph":[{"@type":"Article","@id":"https:\/\/lalonja.tech\/en\/home\/#article","isPartOf":{"@id":"https:\/\/lalonja.tech\/en\/home\/"},"author":{"name":"Ines Portella","@id":"https:\/\/lalonja.tech\/en\/#\/schema\/person\/9dacdf69d36f3cf5b0d6f0680de88d50"},"headline":"Home","datePublished":"2022-12-16T08:43:11+00:00","dateModified":"2025-11-12T11:51:50+00:00","mainEntityOfPage":{"@id":"https:\/\/lalonja.tech\/en\/home\/"},"wordCount":1,"publisher":{"@id":"https:\/\/lalonja.tech\/en\/#organization"},"image":{"@id":"https:\/\/lalonja.tech\/en\/home\/#primaryimage"},"thumbnailUrl":"\/wp-content\/uploads\/2023\/04\/20230405-APH001-FOTOS-WEB-CABECERA-HOME.png","inLanguage":"en-US"},{"@type":"WebPage","@id":"https:\/\/lalonja.tech\/en\/home\/","url":"https:\/\/lalonja.tech\/en\/home\/","name":"Startup accelerator | La Lonja","isPartOf":{"@id":"https:\/\/lalonja.tech\/en\/#website"},"primaryImageOfPage":{"@id":"https:\/\/lalonja.tech\/en\/home\/#primaryimage"},"image":{"@id":"https:\/\/lalonja.tech\/en\/home\/#primaryimage"},"thumbnailUrl":"\/wp-content\/uploads\/2023\/04\/20230405-APH001-FOTOS-WEB-CABECERA-HOME.png","datePublished":"2022-12-16T08:43:11+00:00","dateModified":"2025-11-12T11:51:50+00:00","description":"La Lonja de la Innovaci\u00f3n, a startup accelerator that promotes the digital transformation of the port sector. Discover their programs!","breadcrumb":{"@id":"https:\/\/lalonja.tech\/en\/home\/#breadcrumb"},"inLanguage":"en-US","potentialAction":[{"@type":"ReadAction","target":["https:\/\/lalonja.tech\/en\/home\/"]}]},{"@type":"ImageObject","inLanguage":"en-US","@id":"https:\/\/lalonja.tech\/en\/home\/#primaryimage","url":"\/wp-content\/uploads\/2023\/04\/20230405-APH001-FOTOS-WEB-CABECERA-HOME.png","contentUrl":"\/wp-content\/uploads\/2023\/04\/20230405-APH001-FOTOS-WEB-CABECERA-HOME.png","width":1200,"height":773,"caption":"La Lonja de la Innovaci\u00f3n"},{"@type":"BreadcrumbList","@id":"https:\/\/lalonja.tech\/en\/home\/#breadcrumb","itemListElement":[{"@type":"ListItem","position":1,"name":"Portada","item":"https:\/\/lalonja.tech\/en\/"},{"@type":"ListItem","position":2,"name":"https:\/\/lalonja.tech\/en\/home\/"}]},{"@type":"WebSite","@id":"https:\/\/lalonja.tech\/en\/#website","url":"https:\/\/lalonja.tech\/en\/","name":"La Lonja","description":"Revolucionamos la metodolog\u00eda de la innovaci\u00f3n tecnol\u00f3gica en el Puerto de Huelva","publisher":{"@id":"https:\/\/lalonja.tech\/en\/#organization"},"potentialAction":[{"@type":"SearchAction","target":{"@type":"EntryPoint","urlTemplate":"https:\/\/lalonja.tech\/en\/?s={search_term_string}"},"query-input":{"@type":"PropertyValueSpecification","valueRequired":true,"valueName":"search_term_string"}}],"inLanguage":"en-US"},{"@type":"Organization","@id":"https:\/\/lalonja.tech\/en\/#organization","name":"La Lonja de la Innovaci\u00f3n","alternateName":"La Lonja","url":"https:\/\/lalonja.tech\/en\/","logo":{"@type":"ImageObject","inLanguage":"en-US","@id":"https:\/\/lalonja.tech\/en\/#\/schema\/logo\/image\/","url":"\/wp-content\/uploads\/2022\/04\/mnEIW6-_400x400.jpg","contentUrl":"\/wp-content\/uploads\/2022\/04\/mnEIW6-_400x400.jpg","width":400,"height":400,"caption":"La Lonja de la Innovaci\u00f3n"},"image":{"@id":"https:\/\/lalonja.tech\/en\/#\/schema\/logo\/image\/"},"sameAs":["https:\/\/www.facebook.com\/lalonjatech","https:\/\/www.linkedin.com\/company\/lalonja-tech\/","https:\/\/www.instagram.com\/lalonjatech\/"]},{"@type":"Person","@id":"https:\/\/lalonja.tech\/en\/#\/schema\/person\/9dacdf69d36f3cf5b0d6f0680de88d50","name":"Ines Portella","image":{"@type":"ImageObject","inLanguage":"en-US","@id":"https:\/\/lalonja.tech\/en\/#\/schema\/person\/image\/","url":"https:\/\/secure.gravatar.com\/avatar\/6eade537b061bc606e3d169f28dafd25?s=96&d=mm&r=g","contentUrl":"https:\/\/secure.gravatar.com\/avatar\/6eade537b061bc606e3d169f28dafd25?s=96&d=mm&r=g","caption":"Ines Portella"},"url":"https:\/\/lalonja.tech\/en\/author\/sngular-ines\/"}]}},"_links":{"self":[{"href":"https:\/\/lalonja.tech\/en\/wp-json\/wp\/v2\/pages\/1433"}],"collection":[{"href":"https:\/\/lalonja.tech\/en\/wp-json\/wp\/v2\/pages"}],"about":[{"href":"https:\/\/lalonja.tech\/en\/wp-json\/wp\/v2\/types\/page"}],"author":[{"embeddable":true,"href":"https:\/\/lalonja.tech\/en\/wp-json\/wp\/v2\/users\/4"}],"replies":[{"embeddable":true,"href":"https:\/\/lalonja.tech\/en\/wp-json\/wp\/v2\/comments?post=1433"}],"version-history":[{"count":7,"href":"https:\/\/lalonja.tech\/en\/wp-json\/wp\/v2\/pages\/1433\/revisions"}],"predecessor-version":[{"id":2272,"href":"https:\/\/lalonja.tech\/en\/wp-json\/wp\/v2\/pages\/1433\/revisions\/2272"}],"wp:featuredmedia":[{"embeddable":true,"href":"https:\/\/lalonja.tech\/en\/wp-json\/wp\/v2\/media\/2261"}],"wp:attachment":[{"href":"https:\/\/lalonja.tech\/en\/wp-json\/wp\/v2\/media?parent=1433"}],"curies":[{"name":"wp","href":"https:\/\/api.w.org\/{rel}","templated":true}]}}