{"id":1411,"date":"2022-12-13T15:00:43","date_gmt":"2022-12-13T15:00:43","guid":{"rendered":"https:\/\/lalonja.tech\/?page_id=1411"},"modified":"2025-11-26T17:25:36","modified_gmt":"2025-11-26T16:25:36","slug":"mentors","status":"publish","type":"page","link":"https:\/\/lalonja.tech\/en\/programa-de-aceleracion\/mentors\/","title":{"rendered":"Team"},"content":{"rendered":"<section class=\"hof-mentors-hub\">\n    <div class=\"wrapper row\">\n        <div class=\"col-xs-12 col-no-gutter mb-2\">\n                            <h2><\/h2>\n                    <\/div>\n                                    <div class=\"col-xs-6 col-sm-3 col-md-2 pl-0\">\n                    <div class=\"hof-card-info\">\n    <a href=\"https:\/\/lalonja.tech\/en\/equipo\/rocio-diaz-pereira\/\">\n                    <img decoding=\"async\" src=\"\/wp-content\/uploads\/2022\/02\/7A0D357B-77E2-4114-963E-CA552F52D4E3_1_201_a-3-360x180.jpeg\" alt=\"rocio-diaz\" title=\"7A0D357B-77E2-4114-963E-CA552F52D4E3_1_201_a (3)\" \/>\n                <i class=\"icon icon-close\"><\/i>\n    <\/a>\n    <span class=\"title\"><strong>Roc\u00edo D\u00edaz Pereira<\/strong><\/span>\n            <p>Director of La Lonja de la Innovaci\u00f3n<\/p>\n    <\/div>\n                <\/div>\n                            <div class=\"col-xs-6 col-sm-3 col-md-2 pl-0\">\n                    <div class=\"hof-card-info\">\n    <a href=\"https:\/\/lalonja.tech\/en\/equipo\/lisandra-tamayo-espinosa\/\">\n                    <img decoding=\"async\" src=\"\/wp-content\/uploads\/2022\/02\/STAFF_MENTORES-17-360x180.jpg\" alt=\"Lisandra Tamayo\" title=\"STAFF_MENTORES-17\" \/>\n                <i class=\"icon icon-close\"><\/i>\n    <\/a>\n    <span class=\"title\"><strong>Lisandra Tamayo Espinosa<\/strong><\/span>\n            <p>FIWARE dynamizer at La Lonja de la Innovaci\u00f3n<\/p>\n    <\/div>\n                <\/div>\n                            <div class=\"col-xs-6 col-sm-3 col-md-2 pl-0\">\n                    <div class=\"hof-card-info\">\n    <a href=\"https:\/\/lalonja.tech\/en\/equipo\/adela-de-mora\/\">\n                    <img decoding=\"async\" src=\"\/wp-content\/uploads\/2022\/03\/STAFF_MENTORES-5-1-360x180.jpg\" alt=\"Adela de Mora\" title=\"STAFF_MENTORES-5\" \/>\n                <i class=\"icon icon-close\"><\/i>\n    <\/a>\n    <span class=\"title\"><strong>Adela de Mora<\/strong><\/span>\n            <p>Entrepreneurial ecosystem Mentor<\/p>\n    <\/div>\n                <\/div>\n                            <div class=\"col-xs-6 col-sm-3 col-md-2 pl-0\">\n                    <div class=\"hof-card-info\">\n    <a href=\"https:\/\/lalonja.tech\/en\/equipo\/andres-vidal-acquaroni\/\">\n                    <img decoding=\"async\" src=\"\/wp-content\/uploads\/2022\/03\/STAFF_MENTORES-9-360x180.jpg\" alt=\"Andr\u00e9s Vidal Acquaroni\" title=\"STAFF_MENTORES-9\" \/>\n                <i class=\"icon icon-close\"><\/i>\n    <\/a>\n    <span class=\"title\"><strong>Andr\u00e9s Vidal Acquaroni<\/strong><\/span>\n            <p>Personal communication Mentor<\/p>\n    <\/div>\n                <\/div>\n                            <div class=\"col-xs-6 col-sm-3 col-md-2 pl-0\">\n                    <div class=\"hof-card-info\">\n    <a href=\"https:\/\/lalonja.tech\/en\/equipo\/ana-guzman-garcia\/\">\n                    <img decoding=\"async\" src=\"\/wp-content\/uploads\/2022\/03\/Ana-Guzman-320x320-1-320x180.jpg\" alt=\"\" title=\"Ana-Guzman-320x320\" \/>\n                <i class=\"icon icon-close\"><\/i>\n    <\/a>\n    <span class=\"title\"><strong>Ana Guzm\u00e1n Garc\u00eda<\/strong><\/span>\n            <p>Sales Mentor<\/p>\n    <\/div>\n                <\/div>\n                            <div class=\"col-xs-6 col-sm-3 col-md-2 pl-0\">\n                    <div class=\"hof-card-info\">\n    <a href=\"https:\/\/lalonja.tech\/en\/equipo\/manuel-garcia-palomo\/\">\n                    <img decoding=\"async\" src=\"\/wp-content\/uploads\/2022\/03\/manuel-garcia-palomo-e1684342737542-289x180.png\" alt=\"Manuel Garcia Palomo\" title=\"manuel-garcia-palomo\" \/>\n                <i class=\"icon icon-close\"><\/i>\n    <\/a>\n    <span class=\"title\"><strong>Manuel Garcia Palomo<\/strong><\/span>\n            <p>Human Resources Mentor<\/p>\n    <\/div>\n                <\/div>\n                            <div class=\"col-xs-6 col-sm-3 col-md-2 pl-0\">\n                    <div class=\"hof-card-info\">\n    <a href=\"https:\/\/lalonja.tech\/en\/equipo\/juan-manuel-llinares-tarrino\/\">\n                    <img decoding=\"async\" src=\"\/wp-content\/uploads\/2022\/04\/juanma-llinares-e1650293360949-339x180.jpeg\" alt=\"\" title=\"juanma llinares\" \/>\n                <i class=\"icon icon-close\"><\/i>\n    <\/a>\n    <span class=\"title\"><strong>Juan Manuel Llinares Tarri\u00f1o<\/strong><\/span>\n            <p>Finance Mentor<\/p>\n    <\/div>\n                <\/div>\n                            <div class=\"col-xs-6 col-sm-3 col-md-2 pl-0\">\n                    <div class=\"hof-card-info\">\n    <a href=\"https:\/\/lalonja.tech\/en\/equipo\/daniel-ramos\/\">\n                    <img decoding=\"async\" src=\"\/wp-content\/uploads\/2022\/03\/STAFF_MENTORES-360x180.jpg\" alt=\"Daniel Ramos Carrion\" title=\"STAFF_MENTORES\" \/>\n                <i class=\"icon icon-close\"><\/i>\n    <\/a>\n    <span class=\"title\"><strong>Daniel Ramos<\/strong><\/span>\n            <p>Legacy Mentor<\/p>\n    <\/div>\n                <\/div>\n                            <div class=\"col-xs-6 col-sm-3 col-md-2 pl-0\">\n                    <div class=\"hof-card-info\">\n    <a href=\"https:\/\/lalonja.tech\/en\/equipo\/enrique-garrido-martinez\/\">\n                    <img decoding=\"async\" src=\"\/wp-content\/uploads\/2022\/04\/enrique-garrido-e1650296420291-360x180.jpeg\" alt=\"\" title=\"enrique garrido\" \/>\n                <i class=\"icon icon-close\"><\/i>\n    <\/a>\n    <span class=\"title\"><strong>Enrique Garrido Mart\u00ednez<\/strong><\/span>\n            <p>Operations Mentor<\/p>\n    <\/div>\n                <\/div>\n                            <div class=\"col-xs-6 col-sm-3 col-md-2 pl-0\">\n                    <div class=\"hof-card-info\">\n    <a href=\"https:\/\/lalonja.tech\/en\/equipo\/diego-martinez-camacho\/\">\n                    <img decoding=\"async\" src=\"\/wp-content\/uploads\/2022\/03\/diego-martinez-camacho-e1684407725687-328x180.png\" alt=\"Diego Martinez Camacho\" title=\"diego-martinez-camacho\" \/>\n                <i class=\"icon icon-close\"><\/i>\n    <\/a>\n    <span class=\"title\"><strong>Diego Mart\u00ednez Camacho<\/strong><\/span>\n            <p>Logistics Mentor<\/p>\n    <\/div>\n                <\/div>\n                            <div class=\"col-xs-6 col-sm-3 col-md-2 pl-0\">\n                    <div class=\"hof-card-info\">\n    <a href=\"https:\/\/lalonja.tech\/en\/equipo\/granada-barrero-moro\/\">\n                    <img decoding=\"async\" src=\"\/wp-content\/uploads\/2022\/03\/STAFF_MENTORES-7-360x180.jpg\" alt=\"Granada Barrero\" title=\"STAFF_MENTORES-7\" \/>\n                <i class=\"icon icon-close\"><\/i>\n    <\/a>\n    <span class=\"title\"><strong>Granada Barrero Moro<\/strong><\/span>\n            <p>Design thinking and design Mentor<\/p>\n    <\/div>\n                <\/div>\n                            <div class=\"col-xs-6 col-sm-3 col-md-2 pl-0\">\n                    <div class=\"hof-card-info\">\n    <a href=\"https:\/\/lalonja.tech\/en\/equipo\/chio-diez\/\">\n                    <img decoding=\"async\" src=\"\/wp-content\/uploads\/2022\/03\/chio-diez-e1684408167877-354x180.png\" alt=\"\" title=\"chio-diez\" \/>\n                <i class=\"icon icon-close\"><\/i>\n    <\/a>\n    <span class=\"title\"><strong>Chio D\u00edez<\/strong><\/span>\n            <p>Branding & UX\/UI Mentor<\/p>\n    <\/div>\n                <\/div>\n                            <div class=\"col-xs-6 col-sm-3 col-md-2 pl-0\">\n                    <div class=\"hof-card-info\">\n    <a href=\"https:\/\/lalonja.tech\/en\/equipo\/fernando-monsalvete\/\">\n                    <img decoding=\"async\" src=\"\/wp-content\/uploads\/2022\/03\/fernando-monsalvete-e1684408195565-282x180.png\" alt=\"\" title=\"fernando-monsalvete\" \/>\n                <i class=\"icon icon-close\"><\/i>\n    <\/a>\n    <span class=\"title\"><strong>Fernando Monsalvete<\/strong><\/span>\n            <p>Strategy Mentor<\/p>\n    <\/div>\n                <\/div>\n                            <div class=\"col-xs-6 col-sm-3 col-md-2 pl-0\">\n                    <div class=\"hof-card-info\">\n    <a href=\"https:\/\/lalonja.tech\/en\/equipo\/miguel-a-torres\/\">\n                    <img decoding=\"async\" src=\"\/wp-content\/uploads\/2022\/04\/STAFF_MENTORES-11-360x180.jpg\" alt=\"Miguel Angel Torres\" title=\"STAFF_MENTORES-11\" \/>\n                <i class=\"icon icon-close\"><\/i>\n    <\/a>\n    <span class=\"title\"><strong>Miguel A.Torres<\/strong><\/span>\n            <p>Technology Mentor<\/p>\n    <\/div>\n                <\/div>\n                            <div class=\"col-xs-6 col-sm-3 col-md-2 pl-0\">\n                    <div class=\"hof-card-info\">\n    <a href=\"https:\/\/lalonja.tech\/en\/equipo\/eric-sanchez-galvez\/\">\n                    <img decoding=\"async\" src=\"\/wp-content\/uploads\/2022\/04\/eric-sanchez-galvez-e1684408345780-295x180.png\" alt=\"\" title=\"eric-sanchez-galvez\" \/>\n                <i class=\"icon icon-close\"><\/i>\n    <\/a>\n    <span class=\"title\"><strong>Eric Sanchez Galvez<\/strong><\/span>\n            <p>MVP launch & Team management Mentor<\/p>\n    <\/div>\n                <\/div>\n                            <div class=\"col-xs-6 col-sm-3 col-md-2 pl-0\">\n                    <div class=\"hof-card-info\">\n    <a href=\"https:\/\/lalonja.tech\/en\/equipo\/rodrigo-delgado-diez\/\">\n                    <img decoding=\"async\" src=\"\/wp-content\/uploads\/2022\/04\/rodrigo-delgado-e1684408370267-309x180.png\" alt=\"Rodrigo Delgado\" title=\"rodrigo-delgado\" \/>\n                <i class=\"icon icon-close\"><\/i>\n    <\/a>\n    <span class=\"title\"><strong>Rodrigo Delgado D\u00edez<\/strong><\/span>\n            <p>Entrepreneurship Mentor<\/p>\n    <\/div>\n                <\/div>\n                            <div class=\"col-xs-6 col-sm-3 col-md-2 pl-0\">\n                    <div class=\"hof-card-info\">\n    <a href=\"https:\/\/lalonja.tech\/en\/equipo\/javier-medel\/\">\n                    <img decoding=\"async\" src=\"\/wp-content\/uploads\/2022\/04\/STAFF_MENTORES-4-360x180.jpg\" alt=\"Javier Medel\" title=\"STAFF_MENTORES-4\" \/>\n                <i class=\"icon icon-close\"><\/i>\n    <\/a>\n    <span class=\"title\"><strong>Javier Medel<\/strong><\/span>\n            <p>Product\/service Direction and Management Mentor<\/p>\n    <\/div>\n                <\/div>\n                            <div class=\"col-xs-6 col-sm-3 col-md-2 pl-0\">\n                    <div class=\"hof-card-info\">\n    <a href=\"https:\/\/lalonja.tech\/en\/equipo\/alejandro-villaran-vazquez\/\">\n                    <img decoding=\"async\" src=\"\/wp-content\/uploads\/2022\/04\/alejandro-villaran-e1684408497520-282x180.png\" alt=\"Alejandro Villaran\" title=\"alejandro-villaran\" \/>\n                <i class=\"icon icon-close\"><\/i>\n    <\/a>\n    <span class=\"title\"><strong>Alejandro Villar\u00e1n V\u00e1zquez<\/strong><\/span>\n            <p>Business Development, Internationalization, Team Management Mentor<\/p>\n    <\/div>\n                <\/div>\n                            <div class=\"col-xs-6 col-sm-3 col-md-2 pl-0\">\n                    <div class=\"hof-card-info\">\n    <a href=\"https:\/\/lalonja.tech\/en\/equipo\/juan-carlos-marquez\/\">\n                    <img decoding=\"async\" src=\"\/wp-content\/uploads\/2023\/05\/499305385-20230511_112727-copia-360x180.jpg\" alt=\"Juan Carlos M\u00e1rquez\" title=\"499305385-20230511_112727 copia\" \/>\n                <i class=\"icon icon-close\"><\/i>\n    <\/a>\n    <span class=\"title\"><strong>Juan Carlos M\u00e1rquez<\/strong><\/span>\n            <p>Business Development Mentor<\/p>\n    <\/div>\n                <\/div>\n                            <div class=\"col-xs-6 col-sm-3 col-md-2 pl-0\">\n                    <div class=\"hof-card-info\">\n    <a href=\"https:\/\/lalonja.tech\/en\/equipo\/david-barroso-de-la-rosa\/\">\n                    <img decoding=\"async\" src=\"\/wp-content\/uploads\/2025\/10\/David-Barroso-360x180.jpg\" alt=\"\" title=\"David Barroso\" \/>\n                <i class=\"icon icon-close\"><\/i>\n    <\/a>\n    <span class=\"title\"><strong>David Barroso de la Rosa<\/strong><\/span>\n            <p>Hardware mentor<\/p>\n    <\/div>\n                <\/div>\n                            <div class=\"col-xs-6 col-sm-3 col-md-2 pl-0\">\n                    <div class=\"hof-card-info\">\n    <a href=\"https:\/\/lalonja.tech\/en\/equipo\/antonio-jesus-toscano-diaz\/\">\n                    <img decoding=\"async\" src=\"\/wp-content\/uploads\/2025\/05\/STAFF_MENTORES-Antonio-Jesus-360x180.png\" alt=\"\" title=\"STAFF_MENTORES-Antonio Jesu\u0301s\" \/>\n                <i class=\"icon icon-close\"><\/i>\n    <\/a>\n    <span class=\"title\"><strong>Antonio Jes\u00fas Toscano D\u00edaz<\/strong><\/span>\n            <p>Legal mentor<\/p>\n    <\/div>\n                <\/div>\n                            <div class=\"col-xs-6 col-sm-3 col-md-2 pl-0\">\n                    <div class=\"hof-card-info\">\n    <a href=\"https:\/\/lalonja.tech\/en\/equipo\/teresa-suarez-martin\/\">\n                    <img decoding=\"async\" src=\"\/wp-content\/uploads\/2025\/05\/Teresa_Suarez_LaLonja_Marketing-360x180.png\" alt=\"Mentora Teresa Su\u00e1rez\" title=\"Teresa_Su\u00e1rez_LaLonja_Marketing\" \/>\n                <i class=\"icon icon-close\"><\/i>\n    <\/a>\n    <span class=\"title\"><strong>Teresa Su\u00e1rez Mart\u00edn<\/strong><\/span>\n            <p>Digital Marketing<\/p>\n    <\/div>\n                <\/div>\n                        <\/div>\n<\/section>\n","protected":false},"excerpt":{"rendered":"","protected":false},"author":4,"featured_media":0,"parent":8117,"menu_order":0,"comment_status":"closed","ping_status":"closed","template":"page-mentors.php","meta":{"footnotes":""},"class_list":["post-1411","page","type-page","status-publish","hentry"],"yoast_head":"<!-- This site is optimized with the Yoast SEO plugin v25.6 - https:\/\/yoast.com\/wordpress\/plugins\/seo\/ -->\n<title>Startup mentors | La Lonja<\/title>\n<meta name=\"description\" content=\"We have the experience and knowledge of the best startup menotrs. There is an ideal mentor for your project whatever it is.\" \/>\n<meta name=\"robots\" content=\"index, follow, max-snippet:-1, max-image-preview:large, max-video-preview:-1\" \/>\n<link rel=\"canonical\" href=\"https:\/\/lalonja.tech\/en\/accelerator-program\/mentors\/\" \/>\n<meta property=\"og:locale\" content=\"en_US\" \/>\n<meta property=\"og:type\" content=\"article\" \/>\n<meta property=\"og:title\" content=\"Startup mentors | La Lonja\" \/>\n<meta property=\"og:description\" content=\"We have the experience and knowledge of the best startup menotrs. There is an ideal mentor for your project whatever it is.\" \/>\n<meta property=\"og:url\" content=\"https:\/\/lalonja.tech\/en\/accelerator-program\/mentors\/\" \/>\n<meta property=\"og:site_name\" content=\"La Lonja\" \/>\n<meta property=\"article:publisher\" content=\"https:\/\/www.facebook.com\/lalonjatech\" \/>\n<meta property=\"article:modified_time\" content=\"2025-11-26T16:25:36+00:00\" \/>\n<meta property=\"og:image\" content=\"https:\/\/lalonja.tech\/wp-content\/uploads\/2025\/11\/20220209-facebook-post.webp\" \/>\n\t<meta property=\"og:image:width\" content=\"1200\" \/>\n\t<meta property=\"og:image:height\" content=\"630\" \/>\n\t<meta property=\"og:image:type\" content=\"image\/webp\" \/>\n<meta name=\"twitter:card\" content=\"summary_large_image\" \/>\n<script type=\"application\/ld+json\" class=\"yoast-schema-graph\">{\"@context\":\"https:\/\/schema.org\",\"@graph\":[{\"@type\":\"Article\",\"@id\":\"https:\/\/lalonja.tech\/en\/accelerator-program\/mentors\/#article\",\"isPartOf\":{\"@id\":\"https:\/\/lalonja.tech\/programa-de-aceleracion\/equipo\/\"},\"author\":{\"name\":\"Ines Portella\",\"@id\":\"https:\/\/lalonja.tech\/#\/schema\/person\/9dacdf69d36f3cf5b0d6f0680de88d50\"},\"headline\":\"Team\",\"datePublished\":\"2022-12-13T15:00:43+00:00\",\"dateModified\":\"2025-11-26T16:25:36+00:00\",\"mainEntityOfPage\":{\"@id\":\"https:\/\/lalonja.tech\/programa-de-aceleracion\/equipo\/\"},\"wordCount\":1,\"publisher\":{\"@id\":\"https:\/\/lalonja.tech\/#organization\"},\"inLanguage\":\"en-US\"},{\"@type\":\"WebPage\",\"@id\":\"https:\/\/lalonja.tech\/programa-de-aceleracion\/equipo\/\",\"url\":\"https:\/\/lalonja.tech\/en\/accelerator-program\/mentors\/\",\"name\":\"Startup mentors | La Lonja\",\"isPartOf\":{\"@id\":\"https:\/\/lalonja.tech\/#website\"},\"datePublished\":\"2022-12-13T15:00:43+00:00\",\"dateModified\":\"2025-11-26T16:25:36+00:00\",\"description\":\"We have the experience and knowledge of the best startup menotrs. There is an ideal mentor for your project whatever it is.\",\"breadcrumb\":{\"@id\":\"https:\/\/lalonja.tech\/en\/accelerator-program\/mentors\/#breadcrumb\"},\"inLanguage\":\"en-US\",\"potentialAction\":[{\"@type\":\"ReadAction\",\"target\":[\"https:\/\/lalonja.tech\/en\/accelerator-program\/mentors\/\"]}]},{\"@type\":\"BreadcrumbList\",\"@id\":\"https:\/\/lalonja.tech\/en\/accelerator-program\/mentors\/#breadcrumb\",\"itemListElement\":[{\"@type\":\"ListItem\",\"position\":1,\"name\":\"Portada\",\"item\":\"https:\/\/lalonja.tech\/en\/\"},{\"@type\":\"ListItem\",\"position\":2,\"name\":\"Business Acceleration Program\",\"item\":\"https:\/\/lalonja.tech\/en\/programa-de-aceleracion\/\"},{\"@type\":\"ListItem\",\"position\":3,\"name\":\"Team\"}]},{\"@type\":\"WebSite\",\"@id\":\"https:\/\/lalonja.tech\/#website\",\"url\":\"https:\/\/lalonja.tech\/\",\"name\":\"La Lonja\",\"description\":\"Revolucionamos la metodolog\u00eda de la innovaci\u00f3n tecnol\u00f3gica en el Puerto de Huelva\",\"publisher\":{\"@id\":\"https:\/\/lalonja.tech\/#organization\"},\"potentialAction\":[{\"@type\":\"SearchAction\",\"target\":{\"@type\":\"EntryPoint\",\"urlTemplate\":\"https:\/\/lalonja.tech\/?s={search_term_string}\"},\"query-input\":{\"@type\":\"PropertyValueSpecification\",\"valueRequired\":true,\"valueName\":\"search_term_string\"}}],\"inLanguage\":\"en-US\"},{\"@type\":\"Organization\",\"@id\":\"https:\/\/lalonja.tech\/#organization\",\"name\":\"La Lonja de la Innovaci\u00f3n\",\"alternateName\":\"La Lonja\",\"url\":\"https:\/\/lalonja.tech\/\",\"logo\":{\"@type\":\"ImageObject\",\"inLanguage\":\"en-US\",\"@id\":\"https:\/\/lalonja.tech\/#\/schema\/logo\/image\/\",\"url\":\"\/wp-content\/uploads\/2022\/04\/mnEIW6-_400x400.jpg\",\"contentUrl\":\"\/wp-content\/uploads\/2022\/04\/mnEIW6-_400x400.jpg\",\"width\":400,\"height\":400,\"caption\":\"La Lonja de la Innovaci\u00f3n\"},\"image\":{\"@id\":\"https:\/\/lalonja.tech\/#\/schema\/logo\/image\/\"},\"sameAs\":[\"https:\/\/www.facebook.com\/lalonjatech\",\"https:\/\/www.linkedin.com\/company\/lalonja-tech\/\",\"https:\/\/www.instagram.com\/lalonjatech\/\"]},{\"@type\":\"Person\",\"@id\":\"https:\/\/lalonja.tech\/#\/schema\/person\/9dacdf69d36f3cf5b0d6f0680de88d50\",\"name\":\"Ines Portella\",\"image\":{\"@type\":\"ImageObject\",\"inLanguage\":\"en-US\",\"@id\":\"https:\/\/lalonja.tech\/#\/schema\/person\/image\/\",\"url\":\"https:\/\/secure.gravatar.com\/avatar\/6eade537b061bc606e3d169f28dafd25?s=96&d=mm&r=g\",\"contentUrl\":\"https:\/\/secure.gravatar.com\/avatar\/6eade537b061bc606e3d169f28dafd25?s=96&d=mm&r=g\",\"caption\":\"Ines Portella\"},\"url\":\"https:\/\/lalonja.tech\/en\/author\/sngular-ines\/\"}]}<\/script>\n<!-- \/ Yoast SEO plugin. -->","yoast_head_json":{"title":"Startup mentors | La Lonja","description":"We have the experience and knowledge of the best startup menotrs. There is an ideal mentor for your project whatever it is.","robots":{"index":"index","follow":"follow","max-snippet":"max-snippet:-1","max-image-preview":"max-image-preview:large","max-video-preview":"max-video-preview:-1"},"canonical":"https:\/\/lalonja.tech\/en\/accelerator-program\/mentors\/","og_locale":"en_US","og_type":"article","og_title":"Startup mentors | La Lonja","og_description":"We have the experience and knowledge of the best startup menotrs. There is an ideal mentor for your project whatever it is.","og_url":"https:\/\/lalonja.tech\/en\/accelerator-program\/mentors\/","og_site_name":"La Lonja","article_publisher":"https:\/\/www.facebook.com\/lalonjatech","article_modified_time":"2025-11-26T16:25:36+00:00","og_image":[{"width":1200,"height":630,"url":"https:\/\/lalonja.tech\/wp-content\/uploads\/2025\/11\/20220209-facebook-post.webp","type":"image\/webp"}],"twitter_card":"summary_large_image","schema":{"@context":"https:\/\/schema.org","@graph":[{"@type":"Article","@id":"https:\/\/lalonja.tech\/en\/accelerator-program\/mentors\/#article","isPartOf":{"@id":"https:\/\/lalonja.tech\/programa-de-aceleracion\/equipo\/"},"author":{"name":"Ines Portella","@id":"https:\/\/lalonja.tech\/#\/schema\/person\/9dacdf69d36f3cf5b0d6f0680de88d50"},"headline":"Team","datePublished":"2022-12-13T15:00:43+00:00","dateModified":"2025-11-26T16:25:36+00:00","mainEntityOfPage":{"@id":"https:\/\/lalonja.tech\/programa-de-aceleracion\/equipo\/"},"wordCount":1,"publisher":{"@id":"https:\/\/lalonja.tech\/#organization"},"inLanguage":"en-US"},{"@type":"WebPage","@id":"https:\/\/lalonja.tech\/programa-de-aceleracion\/equipo\/","url":"https:\/\/lalonja.tech\/en\/accelerator-program\/mentors\/","name":"Startup mentors | La Lonja","isPartOf":{"@id":"https:\/\/lalonja.tech\/#website"},"datePublished":"2022-12-13T15:00:43+00:00","dateModified":"2025-11-26T16:25:36+00:00","description":"We have the experience and knowledge of the best startup menotrs. There is an ideal mentor for your project whatever it is.","breadcrumb":{"@id":"https:\/\/lalonja.tech\/en\/accelerator-program\/mentors\/#breadcrumb"},"inLanguage":"en-US","potentialAction":[{"@type":"ReadAction","target":["https:\/\/lalonja.tech\/en\/accelerator-program\/mentors\/"]}]},{"@type":"BreadcrumbList","@id":"https:\/\/lalonja.tech\/en\/accelerator-program\/mentors\/#breadcrumb","itemListElement":[{"@type":"ListItem","position":1,"name":"Portada","item":"https:\/\/lalonja.tech\/en\/"},{"@type":"ListItem","position":2,"name":"Business Acceleration Program","item":"https:\/\/lalonja.tech\/en\/programa-de-aceleracion\/"},{"@type":"ListItem","position":3,"name":"Team"}]},{"@type":"WebSite","@id":"https:\/\/lalonja.tech\/#website","url":"https:\/\/lalonja.tech\/","name":"La Lonja","description":"Revolucionamos la metodolog\u00eda de la innovaci\u00f3n tecnol\u00f3gica en el Puerto de Huelva","publisher":{"@id":"https:\/\/lalonja.tech\/#organization"},"potentialAction":[{"@type":"SearchAction","target":{"@type":"EntryPoint","urlTemplate":"https:\/\/lalonja.tech\/?s={search_term_string}"},"query-input":{"@type":"PropertyValueSpecification","valueRequired":true,"valueName":"search_term_string"}}],"inLanguage":"en-US"},{"@type":"Organization","@id":"https:\/\/lalonja.tech\/#organization","name":"La Lonja de la Innovaci\u00f3n","alternateName":"La Lonja","url":"https:\/\/lalonja.tech\/","logo":{"@type":"ImageObject","inLanguage":"en-US","@id":"https:\/\/lalonja.tech\/#\/schema\/logo\/image\/","url":"\/wp-content\/uploads\/2022\/04\/mnEIW6-_400x400.jpg","contentUrl":"\/wp-content\/uploads\/2022\/04\/mnEIW6-_400x400.jpg","width":400,"height":400,"caption":"La Lonja de la Innovaci\u00f3n"},"image":{"@id":"https:\/\/lalonja.tech\/#\/schema\/logo\/image\/"},"sameAs":["https:\/\/www.facebook.com\/lalonjatech","https:\/\/www.linkedin.com\/company\/lalonja-tech\/","https:\/\/www.instagram.com\/lalonjatech\/"]},{"@type":"Person","@id":"https:\/\/lalonja.tech\/#\/schema\/person\/9dacdf69d36f3cf5b0d6f0680de88d50","name":"Ines Portella","image":{"@type":"ImageObject","inLanguage":"en-US","@id":"https:\/\/lalonja.tech\/#\/schema\/person\/image\/","url":"https:\/\/secure.gravatar.com\/avatar\/6eade537b061bc606e3d169f28dafd25?s=96&d=mm&r=g","contentUrl":"https:\/\/secure.gravatar.com\/avatar\/6eade537b061bc606e3d169f28dafd25?s=96&d=mm&r=g","caption":"Ines Portella"},"url":"https:\/\/lalonja.tech\/en\/author\/sngular-ines\/"}]}},"_links":{"self":[{"href":"https:\/\/lalonja.tech\/en\/wp-json\/wp\/v2\/pages\/1411"}],"collection":[{"href":"https:\/\/lalonja.tech\/en\/wp-json\/wp\/v2\/pages"}],"about":[{"href":"https:\/\/lalonja.tech\/en\/wp-json\/wp\/v2\/types\/page"}],"author":[{"embeddable":true,"href":"https:\/\/lalonja.tech\/en\/wp-json\/wp\/v2\/users\/4"}],"replies":[{"embeddable":true,"href":"https:\/\/lalonja.tech\/en\/wp-json\/wp\/v2\/comments?post=1411"}],"version-history":[{"count":4,"href":"https:\/\/lalonja.tech\/en\/wp-json\/wp\/v2\/pages\/1411\/revisions"}],"predecessor-version":[{"id":8254,"href":"https:\/\/lalonja.tech\/en\/wp-json\/wp\/v2\/pages\/1411\/revisions\/8254"}],"up":[{"embeddable":true,"href":"https:\/\/lalonja.tech\/en\/wp-json\/wp\/v2\/pages\/8117"}],"wp:attachment":[{"href":"https:\/\/lalonja.tech\/en\/wp-json\/wp\/v2\/media?parent=1411"}],"curies":[{"name":"wp","href":"https:\/\/api.w.org\/{rel}","templated":true}]}}