{"id":1386,"date":"2022-12-13T14:40:26","date_gmt":"2022-12-13T14:40:26","guid":{"rendered":"https:\/\/lalonja.tech\/?page_id=1386"},"modified":"2025-11-20T09:58:25","modified_gmt":"2025-11-20T08:58:25","slug":"press-room","status":"publish","type":"page","link":"https:\/\/lalonja.tech\/en\/blog\/press-room\/","title":{"rendered":"Press Room"},"content":{"rendered":"<article class=\"aph-press\">\n    <div class=\"aph-press__top\">\n        <div class=\"wrapper row\">\n            <div class=\"col-xs-12\">\n                <nav aria-label=\"Breadcrumb\" class=\"aph-press__top__breadcrumb\">\n                    <ol>\n                        <li>\n                            <a href=\"https:\/\/lalonja.tech\/en\/\">Home<\/a>\n                            <span class=\"icon icon-caret-right\"><\/span>\n                        <\/li>\n                        <li>\n                            <a href=\"#\">News<\/a>\n                            <span class=\"icon icon-caret-right\"><\/span>\n                        <\/li>\n                        <li>\n                            <span aria-current=\"page\">Sala de prensa<\/span>\n                        <\/li>\n                    <\/ol>\n                <\/nav>\n                <h1>Sala de prensa<\/h1>\n            <\/div>\n        <\/div>\n    <\/div>\n    <section class=\"aph-press__main wrapper row\">\n        <div class=\"col-xs-12 col-md-6 col-no-gutter mb-2\">\n            <div class=\"aph-press__downloads mb-4\">\n                                    <div class=\"col-xs-12\">\n                        <h2>Downloadable materials<\/h2>\n                    <\/div>\n                                                    <div class=\"col-xs-12 mb-1\">\n                        <div class=\"aph-card-press\">\n                                                            <img decoding=\"async\" src=\"\/wp-content\/uploads\/2025\/11\/sala-de-prensa-logos-voer-240x160.png\" alt=\"\" title=\"sala-de-prensa-logos-voer\"\/>\n                                                        <div class=\"aph-card-press__content\">\n                                                                    <p class=\"aph-card-press__description\">Initiative logos<\/p>\n                                                                                                    <div>\n                                        <a class=\"aph-card-press__link\" href=\"\/wp-content\/uploads\/2025\/11\/Logos-La-Lonja-2025-1.zip\" download=\"\">\n                                            <span>Download<\/span>\n                                            <span class=\"icon icon-download\"><\/span>\n                                        <\/a>\n                                    <\/div>\n                                                            <\/div>\n                        <\/div>\n                    <\/div>\n                                    <div class=\"col-xs-12 mb-1\">\n                        <div class=\"aph-card-press\">\n                                                            <img decoding=\"async\" src=\"\/wp-content\/uploads\/2023\/07\/Captura-de-pantalla-2023-07-19-a-las-11.33.20-240x160.png\" alt=\"\" title=\"Captura de pantalla 2023-07-19 a las 11.33.20\"\/>\n                                                        <div class=\"aph-card-press__content\">\n                                                                    <p class=\"aph-card-press__description\">La Lonja de la Innovaci\u00f3n 2022 Annual Report<\/p>\n                                                                                                    <div>\n                                        <a class=\"aph-card-press__link\" href=\"https:\/\/lalonja.tech\/wp-content\/uploads\/2023\/07\/Memoria-La-Lonja-2022-23-4.pdf\" download=\"\">\n                                            <span>Download<\/span>\n                                            <span class=\"icon icon-download\"><\/span>\n                                        <\/a>\n                                    <\/div>\n                                                            <\/div>\n                        <\/div>\n                    <\/div>\n                                    <div class=\"col-xs-12 mb-1\">\n                        <div class=\"aph-card-press\">\n                                                            <img decoding=\"async\" src=\"\/wp-content\/uploads\/2025\/09\/Screenshot-2025-08-22-at-10.59.25-240x160.png\" alt=\"Informe La Lonja 2023\" title=\"Screenshot 2025-08-22 at 10.59.25\"\/>\n                                                        <div class=\"aph-card-press__content\">\n                                                                    <p class=\"aph-card-press__description\">La Lonja de la Innovaci\u00f3n 2023 Annual Report<\/p>\n                                                                                                    <div>\n                                        <a class=\"aph-card-press__link\" href=\"\/wp-content\/uploads\/2025\/09\/Memoria-Anual-La-Lonja-2023-2.pdf\" download=\"\">\n                                            <span>Download<\/span>\n                                            <span class=\"icon icon-download\"><\/span>\n                                        <\/a>\n                                    <\/div>\n                                                            <\/div>\n                        <\/div>\n                    <\/div>\n                            <\/div>\n        <\/div>\n        <div class=\"col-xs-12 col-md-6\">\n                                        <div class=\"aph-press__item\">\n                                        <h3>La Lonja de la Innovaci\u00f3n, the initiative for digital transformation of the Port of Huelva<\/h3>\n                                                                <time>February 15, 2022<\/time>\n                                                            <div class=\"aph-press__item__link\">\n                                            <\/div>\n                <\/div>\n                            <div class=\"aph-press__item\">\n                                        <h3>Bio Dragon Tech revolutionizes waste management: from pollution to energy at La Lonja de la Innovaci\u00f3n<\/h3>\n                                                                <time>2025.03.13<\/time>\n                                                            <div class=\"aph-press__item__link\">\n                                                    <a href=\"https:\/\/lalonja.tech\/wp-content\/uploads\/2025\/10\/EN-20250312-APH002-Ndp-Demo-Day-Bioabsoil-y-Biodragon-V2.0.pdf\" target=\"_blank\">See press release<\/a>\n                                            <\/div>\n                <\/div>\n                            <div class=\"aph-press__item\">\n                                        <h3>Novality obtains the FIWARE-Ready certification in La Lonja de la Innovaci\u00f3n<\/h3>\n                                                                <time>2023.05.17<\/time>\n                                                            <div class=\"aph-press__item__link\">\n                                                    <a href=\"https:\/\/lalonja.tech\/wp-content\/uploads\/2023\/05\/Novality-FIWARE-Ready.pdf\" target=\"_blank\">See press release<\/a>\n                                            <\/div>\n                <\/div>\n                            <div class=\"aph-press__item\">\n                                        <h3>Start of the Innovation Ecosystem program in La Lonja del Puerto de Huelva with 7 selected companies<\/h3>\n                                                                <time>2022.03.2<\/time>\n                                                            <div class=\"aph-press__item__link\">\n                                            <\/div>\n                <\/div>\n                    <\/div>\n    <\/section>\n<\/article>\n","protected":false},"excerpt":{"rendered":"","protected":false},"author":4,"featured_media":0,"parent":1650,"menu_order":0,"comment_status":"closed","ping_status":"closed","template":"","meta":{"footnotes":""},"class_list":["post-1386","page","type-page","status-publish","hentry"],"yoast_head":"<!-- This site is optimized with the Yoast SEO plugin v25.6 - https:\/\/yoast.com\/wordpress\/plugins\/seo\/ -->\n<title>Press Room - La Lonja<\/title>\n<meta name=\"description\" content=\"Stay updated with La Lonja\u2019s latest news, announcements, and media resources on port\u2011sector innovation and startup acceleration\" \/>\n<meta name=\"robots\" content=\"index, follow, max-snippet:-1, max-image-preview:large, max-video-preview:-1\" \/>\n<link rel=\"canonical\" href=\"https:\/\/lalonja.tech\/en\/blog\/press-room\/\" \/>\n<meta property=\"og:locale\" content=\"en_US\" \/>\n<meta property=\"og:type\" content=\"article\" \/>\n<meta property=\"og:title\" content=\"Press Room - La Lonja\" \/>\n<meta property=\"og:description\" content=\"Stay updated with La Lonja\u2019s latest news, announcements, and media resources on port\u2011sector innovation and startup acceleration\" \/>\n<meta property=\"og:url\" content=\"https:\/\/lalonja.tech\/en\/blog\/press-room\/\" \/>\n<meta property=\"og:site_name\" content=\"La Lonja\" \/>\n<meta property=\"article:publisher\" content=\"https:\/\/www.facebook.com\/lalonjatech\" \/>\n<meta property=\"article:modified_time\" content=\"2025-11-20T08:58:25+00:00\" \/>\n<meta property=\"og:image\" content=\"https:\/\/lalonja.tech\/wp-content\/uploads\/2025\/11\/20220209-facebook-post.webp\" \/>\n\t<meta property=\"og:image:width\" content=\"1200\" \/>\n\t<meta property=\"og:image:height\" content=\"630\" \/>\n\t<meta property=\"og:image:type\" content=\"image\/webp\" \/>\n<meta name=\"twitter:card\" content=\"summary_large_image\" \/>\n<script type=\"application\/ld+json\" class=\"yoast-schema-graph\">{\"@context\":\"https:\/\/schema.org\",\"@graph\":[{\"@type\":\"Article\",\"@id\":\"https:\/\/lalonja.tech\/en\/blog\/press-room\/#article\",\"isPartOf\":{\"@id\":\"https:\/\/lalonja.tech\/actualidad\/sala-de-prensa\/\"},\"author\":{\"name\":\"Ines Portella\",\"@id\":\"https:\/\/lalonja.tech\/#\/schema\/person\/9dacdf69d36f3cf5b0d6f0680de88d50\"},\"headline\":\"Press Room\",\"datePublished\":\"2022-12-13T14:40:26+00:00\",\"dateModified\":\"2025-11-20T08:58:25+00:00\",\"mainEntityOfPage\":{\"@id\":\"https:\/\/lalonja.tech\/actualidad\/sala-de-prensa\/\"},\"wordCount\":2,\"publisher\":{\"@id\":\"https:\/\/lalonja.tech\/#organization\"},\"inLanguage\":\"en-US\"},{\"@type\":\"WebPage\",\"@id\":\"https:\/\/lalonja.tech\/actualidad\/sala-de-prensa\/\",\"url\":\"https:\/\/lalonja.tech\/en\/blog\/press-room\/\",\"name\":\"Press Room - La Lonja\",\"isPartOf\":{\"@id\":\"https:\/\/lalonja.tech\/#website\"},\"datePublished\":\"2022-12-13T14:40:26+00:00\",\"dateModified\":\"2025-11-20T08:58:25+00:00\",\"description\":\"Stay updated with La Lonja\u2019s latest news, announcements, and media resources on port\u2011sector innovation and startup acceleration\",\"breadcrumb\":{\"@id\":\"https:\/\/lalonja.tech\/en\/blog\/press-room\/#breadcrumb\"},\"inLanguage\":\"en-US\",\"potentialAction\":[{\"@type\":\"ReadAction\",\"target\":[\"https:\/\/lalonja.tech\/en\/blog\/press-room\/\"]}]},{\"@type\":\"BreadcrumbList\",\"@id\":\"https:\/\/lalonja.tech\/en\/blog\/press-room\/#breadcrumb\",\"itemListElement\":[{\"@type\":\"ListItem\",\"position\":1,\"name\":\"Portada\",\"item\":\"https:\/\/lalonja.tech\/en\/\"},{\"@type\":\"ListItem\",\"position\":2,\"name\":\"Blog\",\"item\":\"https:\/\/lalonja.tech\/en\/blog\/\"},{\"@type\":\"ListItem\",\"position\":3,\"name\":\"Press Room\"}]},{\"@type\":\"WebSite\",\"@id\":\"https:\/\/lalonja.tech\/#website\",\"url\":\"https:\/\/lalonja.tech\/\",\"name\":\"La Lonja\",\"description\":\"Revolucionamos la metodolog\u00eda de la innovaci\u00f3n tecnol\u00f3gica en el Puerto de Huelva\",\"publisher\":{\"@id\":\"https:\/\/lalonja.tech\/#organization\"},\"potentialAction\":[{\"@type\":\"SearchAction\",\"target\":{\"@type\":\"EntryPoint\",\"urlTemplate\":\"https:\/\/lalonja.tech\/?s={search_term_string}\"},\"query-input\":{\"@type\":\"PropertyValueSpecification\",\"valueRequired\":true,\"valueName\":\"search_term_string\"}}],\"inLanguage\":\"en-US\"},{\"@type\":\"Organization\",\"@id\":\"https:\/\/lalonja.tech\/#organization\",\"name\":\"La Lonja de la Innovaci\u00f3n\",\"alternateName\":\"La Lonja\",\"url\":\"https:\/\/lalonja.tech\/\",\"logo\":{\"@type\":\"ImageObject\",\"inLanguage\":\"en-US\",\"@id\":\"https:\/\/lalonja.tech\/#\/schema\/logo\/image\/\",\"url\":\"\/wp-content\/uploads\/2022\/04\/mnEIW6-_400x400.jpg\",\"contentUrl\":\"\/wp-content\/uploads\/2022\/04\/mnEIW6-_400x400.jpg\",\"width\":400,\"height\":400,\"caption\":\"La Lonja de la Innovaci\u00f3n\"},\"image\":{\"@id\":\"https:\/\/lalonja.tech\/#\/schema\/logo\/image\/\"},\"sameAs\":[\"https:\/\/www.facebook.com\/lalonjatech\",\"https:\/\/www.linkedin.com\/company\/lalonja-tech\/\",\"https:\/\/www.instagram.com\/lalonjatech\/\"]},{\"@type\":\"Person\",\"@id\":\"https:\/\/lalonja.tech\/#\/schema\/person\/9dacdf69d36f3cf5b0d6f0680de88d50\",\"name\":\"Ines Portella\",\"image\":{\"@type\":\"ImageObject\",\"inLanguage\":\"en-US\",\"@id\":\"https:\/\/lalonja.tech\/#\/schema\/person\/image\/\",\"url\":\"https:\/\/secure.gravatar.com\/avatar\/6eade537b061bc606e3d169f28dafd25?s=96&d=mm&r=g\",\"contentUrl\":\"https:\/\/secure.gravatar.com\/avatar\/6eade537b061bc606e3d169f28dafd25?s=96&d=mm&r=g\",\"caption\":\"Ines Portella\"},\"url\":\"https:\/\/lalonja.tech\/en\/author\/sngular-ines\/\"}]}<\/script>\n<!-- \/ Yoast SEO plugin. -->","yoast_head_json":{"title":"Press Room - La Lonja","description":"Stay updated with La Lonja\u2019s latest news, announcements, and media resources on port\u2011sector innovation and startup acceleration","robots":{"index":"index","follow":"follow","max-snippet":"max-snippet:-1","max-image-preview":"max-image-preview:large","max-video-preview":"max-video-preview:-1"},"canonical":"https:\/\/lalonja.tech\/en\/blog\/press-room\/","og_locale":"en_US","og_type":"article","og_title":"Press Room - La Lonja","og_description":"Stay updated with La Lonja\u2019s latest news, announcements, and media resources on port\u2011sector innovation and startup acceleration","og_url":"https:\/\/lalonja.tech\/en\/blog\/press-room\/","og_site_name":"La Lonja","article_publisher":"https:\/\/www.facebook.com\/lalonjatech","article_modified_time":"2025-11-20T08:58:25+00:00","og_image":[{"width":1200,"height":630,"url":"https:\/\/lalonja.tech\/wp-content\/uploads\/2025\/11\/20220209-facebook-post.webp","type":"image\/webp"}],"twitter_card":"summary_large_image","schema":{"@context":"https:\/\/schema.org","@graph":[{"@type":"Article","@id":"https:\/\/lalonja.tech\/en\/blog\/press-room\/#article","isPartOf":{"@id":"https:\/\/lalonja.tech\/actualidad\/sala-de-prensa\/"},"author":{"name":"Ines Portella","@id":"https:\/\/lalonja.tech\/#\/schema\/person\/9dacdf69d36f3cf5b0d6f0680de88d50"},"headline":"Press Room","datePublished":"2022-12-13T14:40:26+00:00","dateModified":"2025-11-20T08:58:25+00:00","mainEntityOfPage":{"@id":"https:\/\/lalonja.tech\/actualidad\/sala-de-prensa\/"},"wordCount":2,"publisher":{"@id":"https:\/\/lalonja.tech\/#organization"},"inLanguage":"en-US"},{"@type":"WebPage","@id":"https:\/\/lalonja.tech\/actualidad\/sala-de-prensa\/","url":"https:\/\/lalonja.tech\/en\/blog\/press-room\/","name":"Press Room - La Lonja","isPartOf":{"@id":"https:\/\/lalonja.tech\/#website"},"datePublished":"2022-12-13T14:40:26+00:00","dateModified":"2025-11-20T08:58:25+00:00","description":"Stay updated with La Lonja\u2019s latest news, announcements, and media resources on port\u2011sector innovation and startup acceleration","breadcrumb":{"@id":"https:\/\/lalonja.tech\/en\/blog\/press-room\/#breadcrumb"},"inLanguage":"en-US","potentialAction":[{"@type":"ReadAction","target":["https:\/\/lalonja.tech\/en\/blog\/press-room\/"]}]},{"@type":"BreadcrumbList","@id":"https:\/\/lalonja.tech\/en\/blog\/press-room\/#breadcrumb","itemListElement":[{"@type":"ListItem","position":1,"name":"Portada","item":"https:\/\/lalonja.tech\/en\/"},{"@type":"ListItem","position":2,"name":"Blog","item":"https:\/\/lalonja.tech\/en\/blog\/"},{"@type":"ListItem","position":3,"name":"Press Room"}]},{"@type":"WebSite","@id":"https:\/\/lalonja.tech\/#website","url":"https:\/\/lalonja.tech\/","name":"La Lonja","description":"Revolucionamos la metodolog\u00eda de la innovaci\u00f3n tecnol\u00f3gica en el Puerto de Huelva","publisher":{"@id":"https:\/\/lalonja.tech\/#organization"},"potentialAction":[{"@type":"SearchAction","target":{"@type":"EntryPoint","urlTemplate":"https:\/\/lalonja.tech\/?s={search_term_string}"},"query-input":{"@type":"PropertyValueSpecification","valueRequired":true,"valueName":"search_term_string"}}],"inLanguage":"en-US"},{"@type":"Organization","@id":"https:\/\/lalonja.tech\/#organization","name":"La Lonja de la Innovaci\u00f3n","alternateName":"La Lonja","url":"https:\/\/lalonja.tech\/","logo":{"@type":"ImageObject","inLanguage":"en-US","@id":"https:\/\/lalonja.tech\/#\/schema\/logo\/image\/","url":"\/wp-content\/uploads\/2022\/04\/mnEIW6-_400x400.jpg","contentUrl":"\/wp-content\/uploads\/2022\/04\/mnEIW6-_400x400.jpg","width":400,"height":400,"caption":"La Lonja de la Innovaci\u00f3n"},"image":{"@id":"https:\/\/lalonja.tech\/#\/schema\/logo\/image\/"},"sameAs":["https:\/\/www.facebook.com\/lalonjatech","https:\/\/www.linkedin.com\/company\/lalonja-tech\/","https:\/\/www.instagram.com\/lalonjatech\/"]},{"@type":"Person","@id":"https:\/\/lalonja.tech\/#\/schema\/person\/9dacdf69d36f3cf5b0d6f0680de88d50","name":"Ines Portella","image":{"@type":"ImageObject","inLanguage":"en-US","@id":"https:\/\/lalonja.tech\/#\/schema\/person\/image\/","url":"https:\/\/secure.gravatar.com\/avatar\/6eade537b061bc606e3d169f28dafd25?s=96&d=mm&r=g","contentUrl":"https:\/\/secure.gravatar.com\/avatar\/6eade537b061bc606e3d169f28dafd25?s=96&d=mm&r=g","caption":"Ines Portella"},"url":"https:\/\/lalonja.tech\/en\/author\/sngular-ines\/"}]}},"_links":{"self":[{"href":"https:\/\/lalonja.tech\/en\/wp-json\/wp\/v2\/pages\/1386"}],"collection":[{"href":"https:\/\/lalonja.tech\/en\/wp-json\/wp\/v2\/pages"}],"about":[{"href":"https:\/\/lalonja.tech\/en\/wp-json\/wp\/v2\/types\/page"}],"author":[{"embeddable":true,"href":"https:\/\/lalonja.tech\/en\/wp-json\/wp\/v2\/users\/4"}],"replies":[{"embeddable":true,"href":"https:\/\/lalonja.tech\/en\/wp-json\/wp\/v2\/comments?post=1386"}],"version-history":[{"count":14,"href":"https:\/\/lalonja.tech\/en\/wp-json\/wp\/v2\/pages\/1386\/revisions"}],"predecessor-version":[{"id":8331,"href":"https:\/\/lalonja.tech\/en\/wp-json\/wp\/v2\/pages\/1386\/revisions\/8331"}],"up":[{"embeddable":true,"href":"https:\/\/lalonja.tech\/en\/wp-json\/wp\/v2\/pages\/1650"}],"wp:attachment":[{"href":"https:\/\/lalonja.tech\/en\/wp-json\/wp\/v2\/media?parent=1386"}],"curies":[{"name":"wp","href":"https:\/\/api.w.org\/{rel}","templated":true}]}}